{"id":4882,"date":"2023-02-19T19:27:00","date_gmt":"2023-02-19T18:27:00","guid":{"rendered":"https:\/\/avnson.com\/foire-et-evenements"},"modified":"2026-02-12T23:24:26","modified_gmt":"2026-02-12T22:24:26","slug":"foire-et-evenements","status":"publish","type":"page","link":"https:\/\/foldride.com\/fr\/foire-et-evenements\/","title":{"rendered":"Foire et \u00e9v\u00e9nements"},"content":{"rendered":"\t\t<div data-elementor-type=\"wp-page\" data-elementor-id=\"4882\" class=\"elementor elementor-4882 elementor-1088\" data-elementor-post-type=\"page\">\n\t\t\t\t<div class=\"elementor-element elementor-element-efdbb84 e-flex e-con-boxed e-con e-parent\" data-id=\"efdbb84\" data-element_type=\"container\" data-e-type=\"container\">\n\t\t\t\t\t<div class=\"e-con-inner\">\n\t\t\t\t<div class=\"elementor-element elementor-element-efa9134 elementor-widget__width-initial elementor-widget elementor-widget-heading\" data-id=\"efa9134\" data-element_type=\"widget\" data-e-type=\"widget\" data-widget_type=\"heading.default\">\n\t\t\t\t<div class=\"elementor-widget-container\">\n\t\t\t\t\t<h2 class=\"elementor-heading-title elementor-size-default\">SALONS ET \u00c9V\u00c9NEMENTS 2026<\/h2>\t\t\t\t<\/div>\n\t\t\t\t<\/div>\n\t\t\t\t\t<\/div>\n\t\t\t\t<\/div>\n\t\t<div class=\"elementor-element elementor-element-9cca85e e-flex e-con-boxed e-con e-parent\" data-id=\"9cca85e\" data-element_type=\"container\" data-e-type=\"container\">\n\t\t\t\t\t<div class=\"e-con-inner\">\n\t\t\t\t<div class=\"elementor-element elementor-element-f2f4466 elementor-widget elementor-widget-text-editor\" data-id=\"f2f4466\" data-element_type=\"widget\" data-e-type=\"widget\" data-widget_type=\"text-editor.default\">\n\t\t\t\t<div class=\"elementor-widget-container\">\n\t\t\t\t\t\t\t\t\t<p>Cette ann\u00e9e encore, Fold sera pr\u00e9sent \u00e0 de nombreux salons et \u00e9v\u00e9nements o\u00f9 nous pr\u00e9senterons nos solutions de mobilit\u00e9 durable. La liste des \u00e9v\u00e9nements sera r\u00e9guli\u00e8rement mise \u00e0 jour et publi\u00e9e ici. <\/p><p>Pour plus de d\u00e9tails et d&rsquo;informations actuelles sur o\u00f9 et quand vous pouvez nous rencontrer, consultez \u00e9galement notre cha\u00eene Instagram !<\/p>\t\t\t\t\t\t\t\t<\/div>\n\t\t\t\t<\/div>\n\t\t\t\t\t<\/div>\n\t\t\t\t<\/div>\n\t\t<div class=\"elementor-element elementor-element-8eea92d e-flex e-con-boxed e-con e-parent\" data-id=\"8eea92d\" data-element_type=\"container\" data-e-type=\"container\">\n\t\t\t\t\t<div class=\"e-con-inner\">\n\t\t<div class=\"elementor-element elementor-element-268bb2e e-con-full e-flex e-con e-child\" data-id=\"268bb2e\" data-element_type=\"container\" data-e-type=\"container\">\n\t\t\t\t<div class=\"elementor-element elementor-element-dd23bb8 elementor-align-start elementor-icon-list--layout-traditional elementor-list-item-link-full_width elementor-widget elementor-widget-icon-list\" data-id=\"dd23bb8\" data-element_type=\"widget\" data-e-type=\"widget\" data-widget_type=\"icon-list.default\">\n\t\t\t\t<div class=\"elementor-widget-container\">\n\t\t\t\t\t\t\t<ul class=\"elementor-icon-list-items\">\n\t\t\t\t\t\t\t<li class=\"elementor-icon-list-item\">\n\t\t\t\t\t\t\t\t\t\t\t<a href=\"https:\/\/www.fahrrad-essen.de\/\">\n\n\t\t\t\t\t\t\t\t\t\t\t\t<span class=\"elementor-icon-list-icon\">\n\t\t\t\t\t\t\t<i aria-hidden=\"true\" class=\"far fa-dot-circle\"><\/i>\t\t\t\t\t\t<\/span>\n\t\t\t\t\t\t\t\t\t\t<span class=\"elementor-icon-list-text\">26.02. - 01.03. \/\/ V\u00e9lo Essen <\/span>\n\t\t\t\t\t\t\t\t\t\t\t<\/a>\n\t\t\t\t\t\t\t\t\t<\/li>\n\t\t\t\t\t\t\t\t<li class=\"elementor-icon-list-item\">\n\t\t\t\t\t\t\t\t\t\t\t<a href=\"https:\/\/nordicbikeshows.dk\/copenhagen-bike-show\/\">\n\n\t\t\t\t\t\t\t\t\t\t\t\t<span class=\"elementor-icon-list-icon\">\n\t\t\t\t\t\t\t<i aria-hidden=\"true\" class=\"far fa-dot-circle\"><\/i>\t\t\t\t\t\t<\/span>\n\t\t\t\t\t\t\t\t\t\t<span class=\"elementor-icon-list-text\">07.03. - 08.03. \/\/ Copenhagen Bike Show<\/span>\n\t\t\t\t\t\t\t\t\t\t\t<\/a>\n\t\t\t\t\t\t\t\t\t<\/li>\n\t\t\t\t\t\t\t\t<li class=\"elementor-icon-list-item\">\n\t\t\t\t\t\t\t\t\t\t\t<a href=\"https:\/\/veloberlin.com\/\">\n\n\t\t\t\t\t\t\t\t\t\t\t\t<span class=\"elementor-icon-list-icon\">\n\t\t\t\t\t\t\t<i aria-hidden=\"true\" class=\"far fa-dot-circle\"><\/i>\t\t\t\t\t\t<\/span>\n\t\t\t\t\t\t\t\t\t\t<span class=\"elementor-icon-list-text\">11.04. - 12.04. \/\/ VELOBerlin<\/span>\n\t\t\t\t\t\t\t\t\t\t\t<\/a>\n\t\t\t\t\t\t\t\t\t<\/li>\n\t\t\t\t\t\t<\/ul>\n\t\t\t\t\t\t<\/div>\n\t\t\t\t<\/div>\n\t\t\t\t<\/div>\n\t\t\t\t\t<\/div>\n\t\t\t\t<\/div>\n\t\t\t\t<\/div>\n\t\t","protected":false},"excerpt":{"rendered":"<p>SALONS ET \u00c9V\u00c9NEMENTS 2026 Cette ann\u00e9e encore, Fold sera pr\u00e9sent \u00e0 de nombreux salons et \u00e9v\u00e9nements o\u00f9 nous pr\u00e9senterons nos solutions de mobilit\u00e9 durable. La liste des \u00e9v\u00e9nements sera r\u00e9guli\u00e8rement mise \u00e0 jour et publi\u00e9e ici. Pour plus de d\u00e9tails et d&rsquo;informations actuelles sur o\u00f9 et quand vous pouvez nous rencontrer, consultez \u00e9galement notre cha\u00eene [&hellip;]<\/p>\n","protected":false},"author":1,"featured_media":0,"parent":0,"menu_order":0,"comment_status":"closed","ping_status":"closed","template":"","meta":{"site-sidebar-layout":"no-sidebar","site-content-layout":"plain-container","ast-site-content-layout":"normal-width-container","site-content-style":"unboxed","site-sidebar-style":"unboxed","ast-global-header-display":"","ast-banner-title-visibility":"","ast-main-header-display":"","ast-hfb-above-header-display":"","ast-hfb-below-header-display":"","ast-hfb-mobile-header-display":"","site-post-title":"disabled","ast-breadcrumbs-content":"","ast-featured-img":"disabled","footer-sml-layout":"","ast-disable-related-posts":"","theme-transparent-header-meta":"disabled","adv-header-id-meta":"","stick-header-meta":"enabled","header-above-stick-meta":"","header-main-stick-meta":"disabled","header-below-stick-meta":"","astra-migrate-meta-layouts":"default","ast-page-background-enabled":"default","ast-page-background-meta":{"desktop":{"background-color":"var(--ast-global-color-4)","background-image":"","background-repeat":"repeat","background-position":"center center","background-size":"auto","background-attachment":"scroll","background-type":"","background-media":"","overlay-type":"","overlay-color":"","overlay-opacity":"","overlay-gradient":""},"tablet":{"background-color":"","background-image":"","background-repeat":"repeat","background-position":"center center","background-size":"auto","background-attachment":"scroll","background-type":"","background-media":"","overlay-type":"","overlay-color":"","overlay-opacity":"","overlay-gradient":""},"mobile":{"background-color":"","background-image":"","background-repeat":"repeat","background-position":"center center","background-size":"auto","background-attachment":"scroll","background-type":"","background-media":"","overlay-type":"","overlay-color":"","overlay-opacity":"","overlay-gradient":""}},"ast-content-background-meta":{"desktop":{"background-color":"var(--ast-global-color-5)","background-image":"","background-repeat":"repeat","background-position":"center center","background-size":"auto","background-attachment":"scroll","background-type":"","background-media":"","overlay-type":"","overlay-color":"","overlay-opacity":"","overlay-gradient":""},"tablet":{"background-color":"var(--ast-global-color-5)","background-image":"","background-repeat":"repeat","background-position":"center center","background-size":"auto","background-attachment":"scroll","background-type":"","background-media":"","overlay-type":"","overlay-color":"","overlay-opacity":"","overlay-gradient":""},"mobile":{"background-color":"var(--ast-global-color-5)","background-image":"","background-repeat":"repeat","background-position":"center center","background-size":"auto","background-attachment":"scroll","background-type":"","background-media":"","overlay-type":"","overlay-color":"","overlay-opacity":"","overlay-gradient":""}},"footnotes":""},"class_list":["post-4882","page","type-page","status-publish","hentry"],"yoast_head":"<!-- This site is optimized with the Yoast SEO plugin v27.4 - https:\/\/yoast.com\/product\/yoast-seo-wordpress\/ -->\n<title>FOLD \u2013 Full-Size Cargo Bike That Folds Compact<\/title>\n<meta name=\"description\" content=\"Un vrai v\u00e9lo cargo pour la vie de tous les jours - pliable en quelques secondes quand l&#039;espace compte.Performance cargo compl\u00e8te, stockage compact, et transport modulaire sans outils comme un v\u00e9lo cargo modulaire, v\u00e9lo cargo pour la famille, et v\u00e9lo cargo urbain.\" \/>\n<meta name=\"robots\" content=\"index, follow, max-snippet:-1, max-image-preview:large, max-video-preview:-1\" \/>\n<link rel=\"canonical\" href=\"https:\/\/foldride.com\/fr\/foire-et-evenements\/\" \/>\n<meta property=\"og:locale\" content=\"fr_FR\" \/>\n<meta property=\"og:type\" content=\"article\" \/>\n<meta property=\"og:title\" content=\"FOLD \u2013 Full-Size Cargo Bike That Folds Compact\" \/>\n<meta property=\"og:description\" content=\"Un vrai v\u00e9lo cargo pour la vie de tous les jours - pliable en quelques secondes quand l&#039;espace compte.Performance cargo compl\u00e8te, stockage compact, et transport modulaire sans outils comme un v\u00e9lo cargo modulaire, v\u00e9lo cargo pour la famille, et v\u00e9lo cargo urbain.\" \/>\n<meta property=\"og:url\" content=\"https:\/\/foldride.com\/fr\/foire-et-evenements\/\" \/>\n<meta property=\"og:site_name\" content=\"FOLD \u2013 Full-Size Cargo Bike That Folds Compact\" \/>\n<meta property=\"article:publisher\" content=\"https:\/\/www.facebook.com\/avnson\/\" \/>\n<meta property=\"article:modified_time\" content=\"2026-02-12T22:24:26+00:00\" \/>\n<meta name=\"twitter:card\" content=\"summary_large_image\" \/>\n<meta name=\"twitter:site\" content=\"@avnson_mobility\" \/>\n<script type=\"application\/ld+json\" class=\"yoast-schema-graph\">{\"@context\":\"https:\\\/\\\/schema.org\",\"@graph\":[{\"@type\":\"WebPage\",\"@id\":\"https:\\\/\\\/foldride.com\\\/fr\\\/foire-et-evenements\\\/\",\"url\":\"https:\\\/\\\/foldride.com\\\/fr\\\/foire-et-evenements\\\/\",\"name\":\"FOLD \u2013 Full-Size Cargo Bike That Folds Compact\",\"isPartOf\":{\"@id\":\"https:\\\/\\\/foldride.com\\\/fr\\\/#website\"},\"datePublished\":\"2023-02-19T18:27:00+00:00\",\"dateModified\":\"2026-02-12T22:24:26+00:00\",\"description\":\"Un vrai v\u00e9lo cargo pour la vie de tous les jours - pliable en quelques secondes quand l'espace compte.Performance cargo compl\u00e8te, stockage compact, et transport modulaire sans outils comme un v\u00e9lo cargo modulaire, v\u00e9lo cargo pour la famille, et v\u00e9lo cargo urbain.\",\"breadcrumb\":{\"@id\":\"https:\\\/\\\/foldride.com\\\/fr\\\/foire-et-evenements\\\/#breadcrumb\"},\"inLanguage\":\"fr-FR\",\"potentialAction\":[{\"@type\":\"ReadAction\",\"target\":[\"https:\\\/\\\/foldride.com\\\/fr\\\/foire-et-evenements\\\/\"]}]},{\"@type\":\"BreadcrumbList\",\"@id\":\"https:\\\/\\\/foldride.com\\\/fr\\\/foire-et-evenements\\\/#breadcrumb\",\"itemListElement\":[{\"@type\":\"ListItem\",\"position\":1,\"name\":\"Startseite\",\"item\":\"https:\\\/\\\/foldride.com\\\/fr\\\/\"},{\"@type\":\"ListItem\",\"position\":2,\"name\":\"Foire et \u00e9v\u00e9nements\"}]},{\"@type\":\"WebSite\",\"@id\":\"https:\\\/\\\/foldride.com\\\/fr\\\/#website\",\"url\":\"https:\\\/\\\/foldride.com\\\/fr\\\/\",\"name\":\"Avnson | The foldable Cargo Bike | Avnson Bicycle Hamburg\",\"description\":\"\",\"publisher\":{\"@id\":\"https:\\\/\\\/foldride.com\\\/fr\\\/#organization\"},\"potentialAction\":[{\"@type\":\"SearchAction\",\"target\":{\"@type\":\"EntryPoint\",\"urlTemplate\":\"https:\\\/\\\/foldride.com\\\/fr\\\/?s={search_term_string}\"},\"query-input\":{\"@type\":\"PropertyValueSpecification\",\"valueRequired\":true,\"valueName\":\"search_term_string\"}}],\"inLanguage\":\"fr-FR\"},{\"@type\":\"Organization\",\"@id\":\"https:\\\/\\\/foldride.com\\\/fr\\\/#organization\",\"name\":\"Avnson | The foldable Cargo Bike | Avnson Bicycle Hamburg\",\"url\":\"https:\\\/\\\/foldride.com\\\/fr\\\/\",\"logo\":{\"@type\":\"ImageObject\",\"inLanguage\":\"fr-FR\",\"@id\":\"https:\\\/\\\/foldride.com\\\/fr\\\/#\\\/schema\\\/logo\\\/image\\\/\",\"url\":\"https:\\\/\\\/avnson.com\\\/wp-content\\\/uploads\\\/2023\\\/02\\\/Avnson_Logo_V1_60_001_schwarz-modified-e1676723863994.png\",\"contentUrl\":\"https:\\\/\\\/avnson.com\\\/wp-content\\\/uploads\\\/2023\\\/02\\\/Avnson_Logo_V1_60_001_schwarz-modified-e1676723863994.png\",\"width\":4867,\"height\":1072,\"caption\":\"Avnson | The foldable Cargo Bike | Avnson Bicycle Hamburg\"},\"image\":{\"@id\":\"https:\\\/\\\/foldride.com\\\/fr\\\/#\\\/schema\\\/logo\\\/image\\\/\"},\"sameAs\":[\"https:\\\/\\\/www.facebook.com\\\/avnson\\\/\",\"https:\\\/\\\/x.com\\\/avnson_mobility\",\"https:\\\/\\\/www.instagram.com\\\/avnson_mobility\\\/\"]}]}<\/script>\n<!-- \/ Yoast SEO plugin. -->","yoast_head_json":{"title":"FOLD \u2013 Full-Size Cargo Bike That Folds Compact","description":"Un vrai v\u00e9lo cargo pour la vie de tous les jours - pliable en quelques secondes quand l'espace compte.Performance cargo compl\u00e8te, stockage compact, et transport modulaire sans outils comme un v\u00e9lo cargo modulaire, v\u00e9lo cargo pour la famille, et v\u00e9lo cargo urbain.","robots":{"index":"index","follow":"follow","max-snippet":"max-snippet:-1","max-image-preview":"max-image-preview:large","max-video-preview":"max-video-preview:-1"},"canonical":"https:\/\/foldride.com\/fr\/foire-et-evenements\/","og_locale":"fr_FR","og_type":"article","og_title":"FOLD \u2013 Full-Size Cargo Bike That Folds Compact","og_description":"Un vrai v\u00e9lo cargo pour la vie de tous les jours - pliable en quelques secondes quand l'espace compte.Performance cargo compl\u00e8te, stockage compact, et transport modulaire sans outils comme un v\u00e9lo cargo modulaire, v\u00e9lo cargo pour la famille, et v\u00e9lo cargo urbain.","og_url":"https:\/\/foldride.com\/fr\/foire-et-evenements\/","og_site_name":"FOLD \u2013 Full-Size Cargo Bike That Folds Compact","article_publisher":"https:\/\/www.facebook.com\/avnson\/","article_modified_time":"2026-02-12T22:24:26+00:00","twitter_card":"summary_large_image","twitter_site":"@avnson_mobility","schema":{"@context":"https:\/\/schema.org","@graph":[{"@type":"WebPage","@id":"https:\/\/foldride.com\/fr\/foire-et-evenements\/","url":"https:\/\/foldride.com\/fr\/foire-et-evenements\/","name":"FOLD \u2013 Full-Size Cargo Bike That Folds Compact","isPartOf":{"@id":"https:\/\/foldride.com\/fr\/#website"},"datePublished":"2023-02-19T18:27:00+00:00","dateModified":"2026-02-12T22:24:26+00:00","description":"Un vrai v\u00e9lo cargo pour la vie de tous les jours - pliable en quelques secondes quand l'espace compte.Performance cargo compl\u00e8te, stockage compact, et transport modulaire sans outils comme un v\u00e9lo cargo modulaire, v\u00e9lo cargo pour la famille, et v\u00e9lo cargo urbain.","breadcrumb":{"@id":"https:\/\/foldride.com\/fr\/foire-et-evenements\/#breadcrumb"},"inLanguage":"fr-FR","potentialAction":[{"@type":"ReadAction","target":["https:\/\/foldride.com\/fr\/foire-et-evenements\/"]}]},{"@type":"BreadcrumbList","@id":"https:\/\/foldride.com\/fr\/foire-et-evenements\/#breadcrumb","itemListElement":[{"@type":"ListItem","position":1,"name":"Startseite","item":"https:\/\/foldride.com\/fr\/"},{"@type":"ListItem","position":2,"name":"Foire et \u00e9v\u00e9nements"}]},{"@type":"WebSite","@id":"https:\/\/foldride.com\/fr\/#website","url":"https:\/\/foldride.com\/fr\/","name":"Avnson | The foldable Cargo Bike | Avnson Bicycle Hamburg","description":"","publisher":{"@id":"https:\/\/foldride.com\/fr\/#organization"},"potentialAction":[{"@type":"SearchAction","target":{"@type":"EntryPoint","urlTemplate":"https:\/\/foldride.com\/fr\/?s={search_term_string}"},"query-input":{"@type":"PropertyValueSpecification","valueRequired":true,"valueName":"search_term_string"}}],"inLanguage":"fr-FR"},{"@type":"Organization","@id":"https:\/\/foldride.com\/fr\/#organization","name":"Avnson | The foldable Cargo Bike | Avnson Bicycle Hamburg","url":"https:\/\/foldride.com\/fr\/","logo":{"@type":"ImageObject","inLanguage":"fr-FR","@id":"https:\/\/foldride.com\/fr\/#\/schema\/logo\/image\/","url":"https:\/\/avnson.com\/wp-content\/uploads\/2023\/02\/Avnson_Logo_V1_60_001_schwarz-modified-e1676723863994.png","contentUrl":"https:\/\/avnson.com\/wp-content\/uploads\/2023\/02\/Avnson_Logo_V1_60_001_schwarz-modified-e1676723863994.png","width":4867,"height":1072,"caption":"Avnson | The foldable Cargo Bike | Avnson Bicycle Hamburg"},"image":{"@id":"https:\/\/foldride.com\/fr\/#\/schema\/logo\/image\/"},"sameAs":["https:\/\/www.facebook.com\/avnson\/","https:\/\/x.com\/avnson_mobility","https:\/\/www.instagram.com\/avnson_mobility\/"]}]}},"_links":{"self":[{"href":"https:\/\/foldride.com\/fr\/wp-json\/wp\/v2\/pages\/4882","targetHints":{"allow":["GET"]}}],"collection":[{"href":"https:\/\/foldride.com\/fr\/wp-json\/wp\/v2\/pages"}],"about":[{"href":"https:\/\/foldride.com\/fr\/wp-json\/wp\/v2\/types\/page"}],"author":[{"embeddable":true,"href":"https:\/\/foldride.com\/fr\/wp-json\/wp\/v2\/users\/1"}],"replies":[{"embeddable":true,"href":"https:\/\/foldride.com\/fr\/wp-json\/wp\/v2\/comments?post=4882"}],"version-history":[{"count":26,"href":"https:\/\/foldride.com\/fr\/wp-json\/wp\/v2\/pages\/4882\/revisions"}],"predecessor-version":[{"id":25544,"href":"https:\/\/foldride.com\/fr\/wp-json\/wp\/v2\/pages\/4882\/revisions\/25544"}],"wp:attachment":[{"href":"https:\/\/foldride.com\/fr\/wp-json\/wp\/v2\/media?parent=4882"}],"curies":[{"name":"wp","href":"https:\/\/api.w.org\/{rel}","templated":true}]}}