{"id":4880,"date":"2023-02-18T12:29:08","date_gmt":"2023-02-18T11:29:08","guid":{"rendered":"https:\/\/avnson.com\/contact"},"modified":"2026-04-22T11:29:37","modified_gmt":"2026-04-22T10:29:37","slug":"contact","status":"publish","type":"page","link":"https:\/\/foldride.com\/fr\/contact\/","title":{"rendered":"Contact"},"content":{"rendered":"\t\t<div data-elementor-type=\"wp-page\" data-elementor-id=\"4880\" class=\"elementor elementor-4880 elementor-618\" data-elementor-post-type=\"page\">\n\t\t\t\t<div class=\"elementor-element elementor-element-b534674 e-flex e-con-boxed e-con e-parent\" data-id=\"b534674\" data-element_type=\"container\" data-e-type=\"container\">\n\t\t\t\t\t<div class=\"e-con-inner\">\n\t\t\t\t<div class=\"elementor-element elementor-element-1a12fdf elementor-widget elementor-widget-heading\" data-id=\"1a12fdf\" data-element_type=\"widget\" data-e-type=\"widget\" data-widget_type=\"heading.default\">\n\t\t\t\t<div class=\"elementor-widget-container\">\n\t\t\t\t\t<h2 class=\"elementor-heading-title elementor-size-default\">DES QUESTIONS OU UN INT\u00c9R\u00caT ?<\/h2>\t\t\t\t<\/div>\n\t\t\t\t<\/div>\n\t\t\t\t\t<\/div>\n\t\t\t\t<\/div>\n\t\t<div class=\"elementor-element elementor-element-8f1dc1a e-flex e-con-boxed e-con e-parent\" data-id=\"8f1dc1a\" data-element_type=\"container\" data-e-type=\"container\">\n\t\t\t\t\t<div class=\"e-con-inner\">\n\t\t\t\t<div class=\"elementor-element elementor-element-9c55d9f elementor-widget__width-initial elementor-widget elementor-widget-text-editor\" data-id=\"9c55d9f\" data-element_type=\"widget\" data-e-type=\"widget\" data-widget_type=\"text-editor.default\">\n\t\t\t\t<div class=\"elementor-widget-container\">\n\t\t\t\t\t\t\t\t\t<p>Il vous suffit de remplir le formulaire et nous vous contacterons dans les plus brefs d\u00e9lais. Nous nous occupons directement de votre demande &#8211; Merci beaucoup ! <\/p>\t\t\t\t\t\t\t\t<\/div>\n\t\t\t\t<\/div>\n\t\t\t\t\t<\/div>\n\t\t\t\t<\/div>\n\t\t<div class=\"elementor-element elementor-element-6ac2d95 e-flex e-con-boxed e-con e-parent\" data-id=\"6ac2d95\" data-element_type=\"container\" data-e-type=\"container\">\n\t\t\t\t\t<div class=\"e-con-inner\">\n\t\t\t\t<div class=\"elementor-element elementor-element-d347a18 elementor-widget elementor-widget-text-editor\" data-id=\"d347a18\" data-element_type=\"widget\" data-e-type=\"widget\" data-widget_type=\"text-editor.default\">\n\t\t\t\t<div class=\"elementor-widget-container\">\n\t\t\t\t\t\t\t\t\t<p><a href=\"tel:+49%20(0)%2040%20\/%2046676972\">+49 (0) 40 \/ 23545244<\/a> <br><a href=\"mailto:info@avnson.com\">info@avnson.com <\/a> <\/p>\t\t\t\t\t\t\t\t<\/div>\n\t\t\t\t<\/div>\n\t\t\t\t\t<\/div>\n\t\t\t\t<\/div>\n\t\t<div class=\"elementor-element elementor-element-509bc61 e-flex e-con-boxed e-con e-parent\" data-id=\"509bc61\" data-element_type=\"container\" data-e-type=\"container\">\n\t\t\t\t\t<div class=\"e-con-inner\">\n\t\t<div class=\"elementor-element elementor-element-ac9624b e-con-full e-flex e-con e-child\" data-id=\"ac9624b\" data-element_type=\"container\" data-e-type=\"container\">\n\t\t\t\t<div class=\"elementor-element elementor-element-82f4917 elementor-button-align-start elementor-widget elementor-widget-form\" data-id=\"82f4917\" data-element_type=\"widget\" data-e-type=\"widget\" data-settings=\"{&quot;step_next_label&quot;:&quot;Prochain&quot;,&quot;step_previous_label&quot;:&quot;Pr\\u00e9c\\u00e9dent&quot;,&quot;button_width&quot;:&quot;100&quot;,&quot;step_type&quot;:&quot;number_text&quot;,&quot;step_icon_shape&quot;:&quot;circle&quot;}\" data-widget_type=\"form.default\">\n\t\t\t\t<div class=\"elementor-widget-container\">\n\t\t\t\t\t\t\t<form class=\"elementor-form\" method=\"post\" name=\"Nouveau formulaire\" aria-label=\"Nouveau formulaire\">\n\t\t\t<input type=\"hidden\" name=\"post_id\" value=\"4880\"\/>\n\t\t\t<input type=\"hidden\" name=\"form_id\" value=\"82f4917\"\/>\n\t\t\t<input type=\"hidden\" name=\"referer_title\" value=\"FOLD \u2013 Full-Size Cargo Bike That Folds Compact\" \/>\n\n\t\t\t\t\t\t\t<input type=\"hidden\" name=\"queried_id\" value=\"4880\"\/>\n\t\t\t\n\t\t\t<div class=\"elementor-form-fields-wrapper elementor-labels-above\">\n\t\t\t\t\t\t\t\t<div class=\"elementor-field-type-text elementor-field-group elementor-column elementor-field-group-name elementor-col-50 elementor-md-100 elementor-field-required elementor-mark-required\">\n\t\t\t\t\t\t\t\t\t\t\t\t<label for=\"form-field-name\" class=\"elementor-field-label\">\n\t\t\t\t\t\t\t\tPr\u00e9nom\t\t\t\t\t\t\t<\/label>\n\t\t\t\t\t\t\t\t\t\t\t\t\t\t<input size=\"1\" type=\"text\" name=\"form_fields[name]\" id=\"form-field-name\" class=\"elementor-field elementor-size-md  elementor-field-textual\" placeholder=\"Votre pr\u00e9nom\" required=\"required\">\n\t\t\t\t\t\t\t\t\t\t\t<\/div>\n\t\t\t\t\t\t\t\t<div class=\"elementor-field-type-text elementor-field-group elementor-column elementor-field-group-field_492197b elementor-col-50 elementor-md-100 elementor-field-required elementor-mark-required\">\n\t\t\t\t\t\t\t\t\t\t\t\t<label for=\"form-field-field_492197b\" class=\"elementor-field-label\">\n\t\t\t\t\t\t\t\tNom de famille\t\t\t\t\t\t\t<\/label>\n\t\t\t\t\t\t\t\t\t\t\t\t\t\t<input size=\"1\" type=\"text\" name=\"form_fields[field_492197b]\" id=\"form-field-field_492197b\" class=\"elementor-field elementor-size-md  elementor-field-textual\" placeholder=\"Votre nom de famille\" required=\"required\">\n\t\t\t\t\t\t\t\t\t\t\t<\/div>\n\t\t\t\t\t\t\t\t<div class=\"elementor-field-type-email elementor-field-group elementor-column elementor-field-group-email elementor-col-50 elementor-md-100 elementor-field-required elementor-mark-required\">\n\t\t\t\t\t\t\t\t\t\t\t\t<label for=\"form-field-email\" class=\"elementor-field-label\">\n\t\t\t\t\t\t\t\tAdresse \u00e9lectronique\t\t\t\t\t\t\t<\/label>\n\t\t\t\t\t\t\t\t\t\t\t\t\t\t<input size=\"1\" type=\"email\" name=\"form_fields[email]\" id=\"form-field-email\" class=\"elementor-field elementor-size-md  elementor-field-textual\" placeholder=\"Votre adresse \u00e9lectronique\" required=\"required\">\n\t\t\t\t\t\t\t\t\t\t\t<\/div>\n\t\t\t\t\t\t\t\t<div class=\"elementor-field-type-tel elementor-field-group elementor-column elementor-field-group-field_70bf51c elementor-col-50 elementor-md-100\">\n\t\t\t\t\t\t\t\t\t\t\t\t<label for=\"form-field-field_70bf51c\" class=\"elementor-field-label\">\n\t\t\t\t\t\t\t\tT\u00e9l\u00e9phone\t\t\t\t\t\t\t<\/label>\n\t\t\t\t\t\t\t\t<input size=\"1\" type=\"tel\" name=\"form_fields[field_70bf51c]\" id=\"form-field-field_70bf51c\" class=\"elementor-field elementor-size-md  elementor-field-textual\" placeholder=\"Nous r\u00e9pondons au mieux par t\u00e9l\u00e9phone\" pattern=\"[0-9()#&amp;+*-=.]+\" title=\"Seuls les caract\u00e8res de num\u00e9ros de t\u00e9l\u00e9phone (#, -, *, etc.) sont accept\u00e9s.\">\n\n\t\t\t\t\t\t<\/div>\n\t\t\t\t\t\t\t\t<div class=\"elementor-field-type-textarea elementor-field-group elementor-column elementor-field-group-message elementor-col-100 elementor-field-required elementor-mark-required\">\n\t\t\t\t\t\t\t\t\t\t\t\t<label for=\"form-field-message\" class=\"elementor-field-label\">\n\t\t\t\t\t\t\t\tVotre message pour nous\t\t\t\t\t\t\t<\/label>\n\t\t\t\t\t\t<textarea class=\"elementor-field-textual elementor-field  elementor-size-md\" name=\"form_fields[message]\" id=\"form-field-message\" rows=\"4\" placeholder=\"Comment pouvons-nous vous aider ?\" required=\"required\"><\/textarea>\t\t\t\t<\/div>\n\t\t\t\t\t\t\t\t<div class=\"elementor-field-group elementor-column elementor-field-type-submit elementor-col-100 e-form__buttons\">\n\t\t\t\t\t<button class=\"elementor-button elementor-size-md\" type=\"submit\">\n\t\t\t\t\t\t<span class=\"elementor-button-content-wrapper\">\n\t\t\t\t\t\t\t\t\t\t\t\t\t\t\t\t\t\t\t\t\t\t<span class=\"elementor-button-text\">Envoyer<\/span>\n\t\t\t\t\t\t\t\t\t\t\t\t\t<\/span>\n\t\t\t\t\t<\/button>\n\t\t\t\t<\/div>\n\t\t\t<\/div>\n\t\t<\/form>\n\t\t\t\t\t\t<\/div>\n\t\t\t\t<\/div>\n\t\t\t\t<\/div>\n\t\t\t\t\t<\/div>\n\t\t\t\t<\/div>\n\t\t<div class=\"elementor-element elementor-element-26f8195 elementor-hidden-desktop elementor-hidden-tablet elementor-hidden-mobile e-flex e-con-boxed e-con e-parent\" data-id=\"26f8195\" data-element_type=\"container\" data-e-type=\"container\">\n\t\t\t\t\t<div class=\"e-con-inner\">\n\t\t\t\t<div class=\"elementor-element elementor-element-4f64775 elementor-shape-circle elementor-grid-0 e-grid-align-center elementor-widget elementor-widget-social-icons\" data-id=\"4f64775\" data-element_type=\"widget\" data-e-type=\"widget\" data-widget_type=\"social-icons.default\">\n\t\t\t\t<div class=\"elementor-widget-container\">\n\t\t\t\t\t\t\t<div class=\"elementor-social-icons-wrapper elementor-grid\" role=\"list\">\n\t\t\t\t\t\t\t<span class=\"elementor-grid-item\" role=\"listitem\">\n\t\t\t\t\t<a class=\"elementor-icon elementor-social-icon elementor-social-icon-instagram elementor-repeater-item-67fba06\" href=\"https:\/\/www.instagram.com\/avnson_mobility\/\" target=\"_blank\">\n\t\t\t\t\t\t<span class=\"elementor-screen-only\">Instagram<\/span>\n\t\t\t\t\t\t<i aria-hidden=\"true\" class=\"fab fa-instagram\"><\/i>\t\t\t\t\t<\/a>\n\t\t\t\t<\/span>\n\t\t\t\t\t\t\t<span class=\"elementor-grid-item\" role=\"listitem\">\n\t\t\t\t\t<a class=\"elementor-icon elementor-social-icon elementor-social-icon-youtube elementor-repeater-item-6039510\" href=\"https:\/\/www.youtube.com\/channel\/UCkoqXVLytBVU6zeereKeZnQ\" target=\"_blank\">\n\t\t\t\t\t\t<span class=\"elementor-screen-only\">Youtube<\/span>\n\t\t\t\t\t\t<i aria-hidden=\"true\" class=\"fab fa-youtube\"><\/i>\t\t\t\t\t<\/a>\n\t\t\t\t<\/span>\n\t\t\t\t\t\t\t<span class=\"elementor-grid-item\" role=\"listitem\">\n\t\t\t\t\t<a class=\"elementor-icon elementor-social-icon elementor-social-icon-facebook elementor-repeater-item-2fef8ee\" href=\"https:\/\/www.facebook.com\/avnson\/\" target=\"_blank\">\n\t\t\t\t\t\t<span class=\"elementor-screen-only\">Facebook<\/span>\n\t\t\t\t\t\t<i aria-hidden=\"true\" class=\"fab fa-facebook\"><\/i>\t\t\t\t\t<\/a>\n\t\t\t\t<\/span>\n\t\t\t\t\t<\/div>\n\t\t\t\t\t\t<\/div>\n\t\t\t\t<\/div>\n\t\t\t\t\t<\/div>\n\t\t\t\t<\/div>\n\t\t\t\t<\/div>\n\t\t","protected":false},"excerpt":{"rendered":"<p>DES QUESTIONS OU UN INT\u00c9R\u00caT ? Il vous suffit de remplir le formulaire et nous vous contacterons dans les plus brefs d\u00e9lais. Nous nous occupons directement de votre demande &#8211; Merci beaucoup ! +49 (0) 40 \/ 23545244 info@avnson.com Instagram Youtube Facebook<\/p>\n","protected":false},"author":1,"featured_media":0,"parent":0,"menu_order":0,"comment_status":"closed","ping_status":"closed","template":"","meta":{"site-sidebar-layout":"no-sidebar","site-content-layout":"page-builder","ast-site-content-layout":"full-width-container","site-content-style":"unboxed","site-sidebar-style":"unboxed","ast-global-header-display":"","ast-banner-title-visibility":"","ast-main-header-display":"","ast-hfb-above-header-display":"","ast-hfb-below-header-display":"","ast-hfb-mobile-header-display":"","site-post-title":"disabled","ast-breadcrumbs-content":"","ast-featured-img":"disabled","footer-sml-layout":"","ast-disable-related-posts":"","theme-transparent-header-meta":"disabled","adv-header-id-meta":"","stick-header-meta":"enabled","header-above-stick-meta":"","header-main-stick-meta":"disabled","header-below-stick-meta":"","astra-migrate-meta-layouts":"default","ast-page-background-enabled":"default","ast-page-background-meta":{"desktop":{"background-color":"var(--ast-global-color-4)","background-image":"","background-repeat":"repeat","background-position":"center center","background-size":"auto","background-attachment":"scroll","background-type":"","background-media":"","overlay-type":"","overlay-color":"","overlay-opacity":"","overlay-gradient":""},"tablet":{"background-color":"","background-image":"","background-repeat":"repeat","background-position":"center center","background-size":"auto","background-attachment":"scroll","background-type":"","background-media":"","overlay-type":"","overlay-color":"","overlay-opacity":"","overlay-gradient":""},"mobile":{"background-color":"","background-image":"","background-repeat":"repeat","background-position":"center center","background-size":"auto","background-attachment":"scroll","background-type":"","background-media":"","overlay-type":"","overlay-color":"","overlay-opacity":"","overlay-gradient":""}},"ast-content-background-meta":{"desktop":{"background-color":"var(--ast-global-color-5)","background-image":"","background-repeat":"repeat","background-position":"center center","background-size":"auto","background-attachment":"scroll","background-type":"","background-media":"","overlay-type":"","overlay-color":"","overlay-opacity":"","overlay-gradient":""},"tablet":{"background-color":"var(--ast-global-color-5)","background-image":"","background-repeat":"repeat","background-position":"center center","background-size":"auto","background-attachment":"scroll","background-type":"","background-media":"","overlay-type":"","overlay-color":"","overlay-opacity":"","overlay-gradient":""},"mobile":{"background-color":"var(--ast-global-color-5)","background-image":"","background-repeat":"repeat","background-position":"center center","background-size":"auto","background-attachment":"scroll","background-type":"","background-media":"","overlay-type":"","overlay-color":"","overlay-opacity":"","overlay-gradient":""}},"footnotes":""},"class_list":["post-4880","page","type-page","status-publish","hentry"],"yoast_head":"<!-- This site is optimized with the Yoast SEO plugin v27.4 - https:\/\/yoast.com\/product\/yoast-seo-wordpress\/ -->\n<title>FOLD \u2013 Full-Size Cargo Bike That Folds Compact<\/title>\n<meta name=\"description\" content=\"A real cargo bike for everyday life \u2014 folding in seconds when space matters.Full cargo performance, compact storage, and tool-free modular transport.\" \/>\n<meta name=\"robots\" content=\"index, follow, max-snippet:-1, max-image-preview:large, max-video-preview:-1\" \/>\n<link rel=\"canonical\" href=\"https:\/\/foldride.com\/fr\/contact\/\" \/>\n<meta property=\"og:locale\" content=\"fr_FR\" \/>\n<meta property=\"og:type\" content=\"article\" \/>\n<meta property=\"og:title\" content=\"FOLD \u2013 Full-Size Cargo Bike That Folds Compact\" \/>\n<meta property=\"og:description\" content=\"A real cargo bike for everyday life \u2014 folding in seconds when space matters.Full cargo performance, compact storage, and tool-free modular transport.\" \/>\n<meta property=\"og:url\" content=\"https:\/\/foldride.com\/fr\/contact\/\" \/>\n<meta property=\"og:site_name\" content=\"FOLD \u2013 Full-Size Cargo Bike That Folds Compact\" \/>\n<meta property=\"article:publisher\" content=\"https:\/\/www.facebook.com\/avnson\/\" \/>\n<meta property=\"article:modified_time\" content=\"2026-04-22T10:29:37+00:00\" \/>\n<meta name=\"twitter:card\" content=\"summary_large_image\" \/>\n<meta name=\"twitter:site\" content=\"@avnson_mobility\" \/>\n<meta name=\"twitter:label1\" content=\"Dur\u00e9e de lecture estim\u00e9e\" \/>\n\t<meta name=\"twitter:data1\" content=\"1 minute\" \/>\n<script type=\"application\/ld+json\" class=\"yoast-schema-graph\">{\"@context\":\"https:\\\/\\\/schema.org\",\"@graph\":[{\"@type\":\"WebPage\",\"@id\":\"https:\\\/\\\/foldride.com\\\/fr\\\/contact\\\/\",\"url\":\"https:\\\/\\\/foldride.com\\\/fr\\\/contact\\\/\",\"name\":\"FOLD \u2013 Full-Size Cargo Bike That Folds Compact\",\"isPartOf\":{\"@id\":\"https:\\\/\\\/foldride.com\\\/fr\\\/#website\"},\"datePublished\":\"2023-02-18T11:29:08+00:00\",\"dateModified\":\"2026-04-22T10:29:37+00:00\",\"description\":\"A real cargo bike for everyday life \u2014 folding in seconds when space matters.Full cargo performance, compact storage, and tool-free modular transport.\",\"breadcrumb\":{\"@id\":\"https:\\\/\\\/foldride.com\\\/fr\\\/contact\\\/#breadcrumb\"},\"inLanguage\":\"fr-FR\",\"potentialAction\":[{\"@type\":\"ReadAction\",\"target\":[\"https:\\\/\\\/foldride.com\\\/fr\\\/contact\\\/\"]}]},{\"@type\":\"BreadcrumbList\",\"@id\":\"https:\\\/\\\/foldride.com\\\/fr\\\/contact\\\/#breadcrumb\",\"itemListElement\":[{\"@type\":\"ListItem\",\"position\":1,\"name\":\"Startseite\",\"item\":\"https:\\\/\\\/foldride.com\\\/fr\\\/\"},{\"@type\":\"ListItem\",\"position\":2,\"name\":\"Contact\"}]},{\"@type\":\"WebSite\",\"@id\":\"https:\\\/\\\/foldride.com\\\/fr\\\/#website\",\"url\":\"https:\\\/\\\/foldride.com\\\/fr\\\/\",\"name\":\"Avnson | The foldable Cargo Bike | Avnson Bicycle Hamburg\",\"description\":\"\",\"publisher\":{\"@id\":\"https:\\\/\\\/foldride.com\\\/fr\\\/#organization\"},\"potentialAction\":[{\"@type\":\"SearchAction\",\"target\":{\"@type\":\"EntryPoint\",\"urlTemplate\":\"https:\\\/\\\/foldride.com\\\/fr\\\/?s={search_term_string}\"},\"query-input\":{\"@type\":\"PropertyValueSpecification\",\"valueRequired\":true,\"valueName\":\"search_term_string\"}}],\"inLanguage\":\"fr-FR\"},{\"@type\":\"Organization\",\"@id\":\"https:\\\/\\\/foldride.com\\\/fr\\\/#organization\",\"name\":\"Avnson | The foldable Cargo Bike | Avnson Bicycle Hamburg\",\"url\":\"https:\\\/\\\/foldride.com\\\/fr\\\/\",\"logo\":{\"@type\":\"ImageObject\",\"inLanguage\":\"fr-FR\",\"@id\":\"https:\\\/\\\/foldride.com\\\/fr\\\/#\\\/schema\\\/logo\\\/image\\\/\",\"url\":\"https:\\\/\\\/avnson.com\\\/wp-content\\\/uploads\\\/2023\\\/02\\\/Avnson_Logo_V1_60_001_schwarz-modified-e1676723863994.png\",\"contentUrl\":\"https:\\\/\\\/avnson.com\\\/wp-content\\\/uploads\\\/2023\\\/02\\\/Avnson_Logo_V1_60_001_schwarz-modified-e1676723863994.png\",\"width\":4867,\"height\":1072,\"caption\":\"Avnson | The foldable Cargo Bike | Avnson Bicycle Hamburg\"},\"image\":{\"@id\":\"https:\\\/\\\/foldride.com\\\/fr\\\/#\\\/schema\\\/logo\\\/image\\\/\"},\"sameAs\":[\"https:\\\/\\\/www.facebook.com\\\/avnson\\\/\",\"https:\\\/\\\/x.com\\\/avnson_mobility\",\"https:\\\/\\\/www.instagram.com\\\/avnson_mobility\\\/\"]}]}<\/script>\n<!-- \/ Yoast SEO plugin. -->","yoast_head_json":{"title":"FOLD \u2013 Full-Size Cargo Bike That Folds Compact","description":"A real cargo bike for everyday life \u2014 folding in seconds when space matters.Full cargo performance, compact storage, and tool-free modular transport.","robots":{"index":"index","follow":"follow","max-snippet":"max-snippet:-1","max-image-preview":"max-image-preview:large","max-video-preview":"max-video-preview:-1"},"canonical":"https:\/\/foldride.com\/fr\/contact\/","og_locale":"fr_FR","og_type":"article","og_title":"FOLD \u2013 Full-Size Cargo Bike That Folds Compact","og_description":"A real cargo bike for everyday life \u2014 folding in seconds when space matters.Full cargo performance, compact storage, and tool-free modular transport.","og_url":"https:\/\/foldride.com\/fr\/contact\/","og_site_name":"FOLD \u2013 Full-Size Cargo Bike That Folds Compact","article_publisher":"https:\/\/www.facebook.com\/avnson\/","article_modified_time":"2026-04-22T10:29:37+00:00","twitter_card":"summary_large_image","twitter_site":"@avnson_mobility","twitter_misc":{"Dur\u00e9e de lecture estim\u00e9e":"1 minute"},"schema":{"@context":"https:\/\/schema.org","@graph":[{"@type":"WebPage","@id":"https:\/\/foldride.com\/fr\/contact\/","url":"https:\/\/foldride.com\/fr\/contact\/","name":"FOLD \u2013 Full-Size Cargo Bike That Folds Compact","isPartOf":{"@id":"https:\/\/foldride.com\/fr\/#website"},"datePublished":"2023-02-18T11:29:08+00:00","dateModified":"2026-04-22T10:29:37+00:00","description":"A real cargo bike for everyday life \u2014 folding in seconds when space matters.Full cargo performance, compact storage, and tool-free modular transport.","breadcrumb":{"@id":"https:\/\/foldride.com\/fr\/contact\/#breadcrumb"},"inLanguage":"fr-FR","potentialAction":[{"@type":"ReadAction","target":["https:\/\/foldride.com\/fr\/contact\/"]}]},{"@type":"BreadcrumbList","@id":"https:\/\/foldride.com\/fr\/contact\/#breadcrumb","itemListElement":[{"@type":"ListItem","position":1,"name":"Startseite","item":"https:\/\/foldride.com\/fr\/"},{"@type":"ListItem","position":2,"name":"Contact"}]},{"@type":"WebSite","@id":"https:\/\/foldride.com\/fr\/#website","url":"https:\/\/foldride.com\/fr\/","name":"Avnson | The foldable Cargo Bike | Avnson Bicycle Hamburg","description":"","publisher":{"@id":"https:\/\/foldride.com\/fr\/#organization"},"potentialAction":[{"@type":"SearchAction","target":{"@type":"EntryPoint","urlTemplate":"https:\/\/foldride.com\/fr\/?s={search_term_string}"},"query-input":{"@type":"PropertyValueSpecification","valueRequired":true,"valueName":"search_term_string"}}],"inLanguage":"fr-FR"},{"@type":"Organization","@id":"https:\/\/foldride.com\/fr\/#organization","name":"Avnson | The foldable Cargo Bike | Avnson Bicycle Hamburg","url":"https:\/\/foldride.com\/fr\/","logo":{"@type":"ImageObject","inLanguage":"fr-FR","@id":"https:\/\/foldride.com\/fr\/#\/schema\/logo\/image\/","url":"https:\/\/avnson.com\/wp-content\/uploads\/2023\/02\/Avnson_Logo_V1_60_001_schwarz-modified-e1676723863994.png","contentUrl":"https:\/\/avnson.com\/wp-content\/uploads\/2023\/02\/Avnson_Logo_V1_60_001_schwarz-modified-e1676723863994.png","width":4867,"height":1072,"caption":"Avnson | The foldable Cargo Bike | Avnson Bicycle Hamburg"},"image":{"@id":"https:\/\/foldride.com\/fr\/#\/schema\/logo\/image\/"},"sameAs":["https:\/\/www.facebook.com\/avnson\/","https:\/\/x.com\/avnson_mobility","https:\/\/www.instagram.com\/avnson_mobility\/"]}]}},"_links":{"self":[{"href":"https:\/\/foldride.com\/fr\/wp-json\/wp\/v2\/pages\/4880","targetHints":{"allow":["GET"]}}],"collection":[{"href":"https:\/\/foldride.com\/fr\/wp-json\/wp\/v2\/pages"}],"about":[{"href":"https:\/\/foldride.com\/fr\/wp-json\/wp\/v2\/types\/page"}],"author":[{"embeddable":true,"href":"https:\/\/foldride.com\/fr\/wp-json\/wp\/v2\/users\/1"}],"replies":[{"embeddable":true,"href":"https:\/\/foldride.com\/fr\/wp-json\/wp\/v2\/comments?post=4880"}],"version-history":[{"count":38,"href":"https:\/\/foldride.com\/fr\/wp-json\/wp\/v2\/pages\/4880\/revisions"}],"predecessor-version":[{"id":25464,"href":"https:\/\/foldride.com\/fr\/wp-json\/wp\/v2\/pages\/4880\/revisions\/25464"}],"wp:attachment":[{"href":"https:\/\/foldride.com\/fr\/wp-json\/wp\/v2\/media?parent=4880"}],"curies":[{"name":"wp","href":"https:\/\/api.w.org\/{rel}","templated":true}]}}