{"id":4863,"date":"2023-02-16T19:03:56","date_gmt":"2023-02-16T18:03:56","guid":{"rendered":"https:\/\/avnson.com\/mentions-legales"},"modified":"2026-04-22T11:29:37","modified_gmt":"2026-04-22T10:29:37","slug":"mentions-legales","status":"publish","type":"page","link":"https:\/\/foldride.com\/fr\/mentions-legales\/","title":{"rendered":"Mentions l\u00e9gales"},"content":{"rendered":"\t\t<div data-elementor-type=\"wp-page\" data-elementor-id=\"4863\" class=\"elementor elementor-4863 elementor-69\" data-elementor-post-type=\"page\">\n\t\t\t\t<div class=\"elementor-element elementor-element-9086aa3 e-flex e-con-boxed e-con e-parent\" data-id=\"9086aa3\" data-element_type=\"container\" data-e-type=\"container\">\n\t\t\t\t\t<div class=\"e-con-inner\">\n\t\t\t\t<div class=\"elementor-element elementor-element-3be8606 elementor-widget elementor-widget-heading\" data-id=\"3be8606\" data-element_type=\"widget\" data-e-type=\"widget\" data-widget_type=\"heading.default\">\n\t\t\t\t<div class=\"elementor-widget-container\">\n\t\t\t\t\t<h2 class=\"elementor-heading-title elementor-size-default\">IMPRESSUM<\/h2>\t\t\t\t<\/div>\n\t\t\t\t<\/div>\n\t\t\t\t\t<\/div>\n\t\t\t\t<\/div>\n\t\t<div class=\"elementor-element elementor-element-9ad9f9f e-flex e-con-boxed e-con e-parent\" data-id=\"9ad9f9f\" data-element_type=\"container\" data-e-type=\"container\">\n\t\t\t\t\t<div class=\"e-con-inner\">\n\t\t\t\t<div class=\"elementor-element elementor-element-db6c9d7 elementor-widget elementor-widget-text-editor\" data-id=\"db6c9d7\" data-element_type=\"widget\" data-e-type=\"widget\" data-widget_type=\"text-editor.default\">\n\t\t\t\t<div class=\"elementor-widget-container\">\n\t\t\t\t\t\t\t\t\t<p data-start=\"241\" data-end=\"311\">Mentions l\u00e9gales<br data-start=\"289\" data-end=\"292\">(Informations conform\u00e9ment au \u00a7 5 de la loi allemande sur les t\u00e9l\u00e9m\u00e9dias \u2013 TMG)<\/p><hr data-start=\"313\" data-end=\"316\"><h1 data-start=\"318\" data-end=\"345\">1. \u00c9diteur du site<\/h1><p data-start=\"347\" data-end=\"408\">AVNSON GmbH<br data-start=\"358\" data-end=\"361\">Sternstra\u00dfe 81a<br data-start=\"376\" data-end=\"379\">20357 Hambourg<br data-start=\"392\" data-end=\"395\">Allemagne<\/p><p data-start=\"410\" data-end=\"464\">Repr\u00e9sent\u00e9e par son directeur g\u00e9n\u00e9ral :<br data-start=\"446\" data-end=\"449\">Sahabi Arouna<\/p><hr data-start=\"466\" data-end=\"469\"><h1 data-start=\"471\" data-end=\"484\">2. contact<\/h1><p data-start=\"486\" data-end=\"541\">T\u00e9l\u00e9phone : +49 (0)40 23545244<br data-start=\"513\" data-end=\"516\">E-mail : <a class=\"decorated-link cursor-pointer\" rel=\"noopener\" data-start=\"524\" data-end=\"539\">info@avnson.com<\/a><\/p><hr data-start=\"543\" data-end=\"546\"><h1 data-start=\"548\" data-end=\"569\">3. Registre du commerce<\/h1><p data-start=\"571\" data-end=\"672\">Inscrite au registre du commerce.<br data-start=\"602\" data-end=\"605\">Tribunal d\u2019enregistrement : Amtsgericht Hamburg (Tribunal d\u2019instance de Hambourg)<br data-start=\"641\" data-end=\"644\">Num\u00e9ro d\u2019enregistrement : HRB 177108<\/p><hr data-start=\"674\" data-end=\"677\"><h1 data-start=\"679\" data-end=\"719\">4. Num\u00e9ro de TVA intracommunautaire<\/h1><p data-start=\"721\" data-end=\"789\">Num\u00e9ro d\u2019identification TVA conform\u00e9ment au \u00a7 27a de la loi allemande sur la TVA (UStG) :<br data-start=\"773\" data-end=\"776\">DE357766270<\/p><hr data-start=\"791\" data-end=\"794\"><h1 data-start=\"796\" data-end=\"853\">5. Responsable du contenu selon \u00a7 18 al. 2 MStV <\/h1><p data-start=\"855\" data-end=\"904\">Sahabi Arouna<br data-start=\"868\" data-end=\"871\">Sternstra\u00dfe 81a<br data-start=\"886\" data-end=\"889\">20357 Hambourg<\/p><hr data-start=\"906\" data-end=\"909\"><h1 data-start=\"911\" data-end=\"944\">6. R\u00e8glement des litiges en ligne<\/h1><p data-start=\"946\" data-end=\"1073\">La Commission europ\u00e9enne met \u00e0 disposition une plateforme de r\u00e8glement en ligne des litiges (RLL) :<br data-start=\"1034\" data-end=\"1037\"><a class=\"decorated-link\" href=\"https:\/\/ec.europa.eu\/consumers\/odr\" target=\"_new\" rel=\"noopener\" data-start=\"1037\" data-end=\"1071\">https:\/\/ec.europa.eu\/consumers\/odr<\/a><\/p><p data-start=\"1075\" data-end=\"1203\">AVNSON GmbH n\u2019est ni tenue ni dispos\u00e9e \u00e0 participer \u00e0 une proc\u00e9dure de r\u00e8glement des litiges devant un organisme de m\u00e9diation des consommateurs.<\/p><hr data-start=\"1205\" data-end=\"1208\"><h1 data-start=\"1210\" data-end=\"1235\">7. Responsabilit\u00e9 du contenu<\/h1><p data-start=\"1237\" data-end=\"1369\">En tant que prestataire de services, nous sommes responsables de nos propres contenus sur ces pages conform\u00e9ment aux lois g\u00e9n\u00e9rales. <\/p><p data-start=\"1371\" data-end=\"1574\">Conform\u00e9ment aux \u00a7\u00a7 8 \u00e0 10 TMG, nous ne sommes toutefois pas tenus de surveiller les informations transmises ou stock\u00e9es provenant de tiers ni de rechercher des circonstances indiquant une activit\u00e9 ill\u00e9gale.<\/p><p data-start=\"1576\" data-end=\"1707\">Les obligations de suppression ou de blocage de l\u2019utilisation d\u2019informations selon les lois g\u00e9n\u00e9rales restent inchang\u00e9es.<\/p><hr data-start=\"1709\" data-end=\"1712\"><h1 data-start=\"1714\" data-end=\"1737\">8. Responsabilit\u00e9 des liens<\/h1><p data-start=\"1739\" data-end=\"1841\">Notre site peut contenir des liens vers des sites externes de tiers sur lesquels nous n\u2019avons aucun contr\u00f4le.<\/p><p data-start=\"1843\" data-end=\"1944\">Le fournisseur ou l\u2019exploitant respectif est toujours responsable du contenu des pages li\u00e9es.<\/p><p data-start=\"1946\" data-end=\"2076\">Un contr\u00f4le permanent du contenu des pages li\u00e9es n&rsquo;est pas exigible sans indices concrets d&rsquo;une violation de la loi.<\/p><p data-start=\"2078\" data-end=\"2169\">En cas de prise de connaissance d\u2019une violation du droit, nous supprimerons imm\u00e9diatement les liens concern\u00e9s.<\/p><hr data-start=\"2171\" data-end=\"2174\"><h1 data-start=\"2176\" data-end=\"2194\">9. Droits d\u2019auteur<\/h1><p data-start=\"2196\" data-end=\"2309\">Les contenus et \u0153uvres cr\u00e9\u00e9s par AVNSON GmbH sur ce site sont soumis au droit d\u2019auteur allemand.<\/p><p data-start=\"2311\" data-end=\"2503\">Toute reproduction, modification, distribution ou exploitation en dehors des limites du droit d\u2019auteur n\u00e9cessite l\u2019autorisation \u00e9crite pr\u00e9alable du titulaire des droits.<\/p><p data-start=\"2505\" data-end=\"2616\">Les t\u00e9l\u00e9chargements et copies de cette page sont autoris\u00e9s uniquement pour un usage priv\u00e9 et non commercial.<\/p>\t\t\t\t\t\t\t\t<\/div>\n\t\t\t\t<\/div>\n\t\t\t\t\t<\/div>\n\t\t\t\t<\/div>\n\t\t\t\t<\/div>\n\t\t","protected":false},"excerpt":{"rendered":"<p>IMPRESSUM Mentions l\u00e9gales(Informations conform\u00e9ment au \u00a7 5 de la loi allemande sur les t\u00e9l\u00e9m\u00e9dias \u2013 TMG) 1. \u00c9diteur du site AVNSON GmbHSternstra\u00dfe 81a20357 HambourgAllemagne Repr\u00e9sent\u00e9e par son directeur g\u00e9n\u00e9ral :Sahabi Arouna 2. contact T\u00e9l\u00e9phone : +49 (0)40 23545244E-mail : info@avnson.com 3. Registre du commerce Inscrite au registre du commerce.Tribunal d\u2019enregistrement : Amtsgericht Hamburg (Tribunal d\u2019instance [&hellip;]<\/p>\n","protected":false},"author":1,"featured_media":0,"parent":0,"menu_order":0,"comment_status":"closed","ping_status":"closed","template":"elementor_header_footer","meta":{"site-sidebar-layout":"no-sidebar","site-content-layout":"plain-container","ast-site-content-layout":"normal-width-container","site-content-style":"unboxed","site-sidebar-style":"unboxed","ast-global-header-display":"","ast-banner-title-visibility":"","ast-main-header-display":"","ast-hfb-above-header-display":"","ast-hfb-below-header-display":"","ast-hfb-mobile-header-display":"","site-post-title":"disabled","ast-breadcrumbs-content":"","ast-featured-img":"disabled","footer-sml-layout":"","ast-disable-related-posts":"","theme-transparent-header-meta":"disabled","adv-header-id-meta":"","stick-header-meta":"enabled","header-above-stick-meta":"","header-main-stick-meta":"disabled","header-below-stick-meta":"","astra-migrate-meta-layouts":"default","ast-page-background-enabled":"default","ast-page-background-meta":{"desktop":{"background-color":"var(--ast-global-color-4)","background-image":"","background-repeat":"repeat","background-position":"center center","background-size":"auto","background-attachment":"scroll","background-type":"","background-media":"","overlay-type":"","overlay-color":"","overlay-opacity":"","overlay-gradient":""},"tablet":{"background-color":"","background-image":"","background-repeat":"repeat","background-position":"center center","background-size":"auto","background-attachment":"scroll","background-type":"","background-media":"","overlay-type":"","overlay-color":"","overlay-opacity":"","overlay-gradient":""},"mobile":{"background-color":"","background-image":"","background-repeat":"repeat","background-position":"center center","background-size":"auto","background-attachment":"scroll","background-type":"","background-media":"","overlay-type":"","overlay-color":"","overlay-opacity":"","overlay-gradient":""}},"ast-content-background-meta":{"desktop":{"background-color":"var(--ast-global-color-5)","background-image":"","background-repeat":"repeat","background-position":"center center","background-size":"auto","background-attachment":"scroll","background-type":"","background-media":"","overlay-type":"","overlay-color":"","overlay-opacity":"","overlay-gradient":""},"tablet":{"background-color":"var(--ast-global-color-5)","background-image":"","background-repeat":"repeat","background-position":"center center","background-size":"auto","background-attachment":"scroll","background-type":"","background-media":"","overlay-type":"","overlay-color":"","overlay-opacity":"","overlay-gradient":""},"mobile":{"background-color":"var(--ast-global-color-5)","background-image":"","background-repeat":"repeat","background-position":"center center","background-size":"auto","background-attachment":"scroll","background-type":"","background-media":"","overlay-type":"","overlay-color":"","overlay-opacity":"","overlay-gradient":""}},"footnotes":""},"class_list":["post-4863","page","type-page","status-publish","hentry"],"yoast_head":"<!-- This site is optimized with the Yoast SEO plugin v27.4 - https:\/\/yoast.com\/product\/yoast-seo-wordpress\/ -->\n<title>FOLD \u2013 Full-Size Cargo Bike That Folds Compact<\/title>\n<meta name=\"description\" content=\"Un vrai v\u00e9lo cargo pour la vie de tous les jours - pliable en quelques secondes quand l&#039;espace compte.Performance cargo compl\u00e8te, stockage compact, et transport modulaire sans outils comme un v\u00e9lo cargo modulaire, v\u00e9lo cargo pour la famille, et v\u00e9lo cargo urbain.\" \/>\n<meta name=\"robots\" content=\"index, follow, max-snippet:-1, max-image-preview:large, max-video-preview:-1\" \/>\n<link rel=\"canonical\" href=\"https:\/\/foldride.com\/fr\/mentions-legales\/\" \/>\n<meta property=\"og:locale\" content=\"fr_FR\" \/>\n<meta property=\"og:type\" content=\"article\" \/>\n<meta property=\"og:title\" content=\"FOLD \u2013 Full-Size Cargo Bike That Folds Compact\" \/>\n<meta property=\"og:description\" content=\"Un vrai v\u00e9lo cargo pour la vie de tous les jours - pliable en quelques secondes quand l&#039;espace compte.Performance cargo compl\u00e8te, stockage compact, et transport modulaire sans outils comme un v\u00e9lo cargo modulaire, v\u00e9lo cargo pour la famille, et v\u00e9lo cargo urbain.\" \/>\n<meta property=\"og:url\" content=\"https:\/\/foldride.com\/fr\/mentions-legales\/\" \/>\n<meta property=\"og:site_name\" content=\"FOLD \u2013 Full-Size Cargo Bike That Folds Compact\" \/>\n<meta property=\"article:publisher\" content=\"https:\/\/www.facebook.com\/avnson\/\" \/>\n<meta property=\"article:modified_time\" content=\"2026-04-22T10:29:37+00:00\" \/>\n<meta name=\"twitter:card\" content=\"summary_large_image\" \/>\n<meta name=\"twitter:site\" content=\"@avnson_mobility\" \/>\n<meta name=\"twitter:label1\" content=\"Dur\u00e9e de lecture estim\u00e9e\" \/>\n\t<meta name=\"twitter:data1\" content=\"2 minutes\" \/>\n<script type=\"application\/ld+json\" class=\"yoast-schema-graph\">{\"@context\":\"https:\\\/\\\/schema.org\",\"@graph\":[{\"@type\":\"WebPage\",\"@id\":\"https:\\\/\\\/foldride.com\\\/fr\\\/mentions-legales\\\/\",\"url\":\"https:\\\/\\\/foldride.com\\\/fr\\\/mentions-legales\\\/\",\"name\":\"FOLD \u2013 Full-Size Cargo Bike That Folds Compact\",\"isPartOf\":{\"@id\":\"https:\\\/\\\/foldride.com\\\/fr\\\/#website\"},\"datePublished\":\"2023-02-16T18:03:56+00:00\",\"dateModified\":\"2026-04-22T10:29:37+00:00\",\"description\":\"Un vrai v\u00e9lo cargo pour la vie de tous les jours - pliable en quelques secondes quand l'espace compte.Performance cargo compl\u00e8te, stockage compact, et transport modulaire sans outils comme un v\u00e9lo cargo modulaire, v\u00e9lo cargo pour la famille, et v\u00e9lo cargo urbain.\",\"breadcrumb\":{\"@id\":\"https:\\\/\\\/foldride.com\\\/fr\\\/mentions-legales\\\/#breadcrumb\"},\"inLanguage\":\"fr-FR\",\"potentialAction\":[{\"@type\":\"ReadAction\",\"target\":[\"https:\\\/\\\/foldride.com\\\/fr\\\/mentions-legales\\\/\"]}]},{\"@type\":\"BreadcrumbList\",\"@id\":\"https:\\\/\\\/foldride.com\\\/fr\\\/mentions-legales\\\/#breadcrumb\",\"itemListElement\":[{\"@type\":\"ListItem\",\"position\":1,\"name\":\"Startseite\",\"item\":\"https:\\\/\\\/foldride.com\\\/fr\\\/\"},{\"@type\":\"ListItem\",\"position\":2,\"name\":\"Mentions l\u00e9gales\"}]},{\"@type\":\"WebSite\",\"@id\":\"https:\\\/\\\/foldride.com\\\/fr\\\/#website\",\"url\":\"https:\\\/\\\/foldride.com\\\/fr\\\/\",\"name\":\"Avnson | The foldable Cargo Bike | Avnson Bicycle Hamburg\",\"description\":\"\",\"publisher\":{\"@id\":\"https:\\\/\\\/foldride.com\\\/fr\\\/#organization\"},\"potentialAction\":[{\"@type\":\"SearchAction\",\"target\":{\"@type\":\"EntryPoint\",\"urlTemplate\":\"https:\\\/\\\/foldride.com\\\/fr\\\/?s={search_term_string}\"},\"query-input\":{\"@type\":\"PropertyValueSpecification\",\"valueRequired\":true,\"valueName\":\"search_term_string\"}}],\"inLanguage\":\"fr-FR\"},{\"@type\":\"Organization\",\"@id\":\"https:\\\/\\\/foldride.com\\\/fr\\\/#organization\",\"name\":\"Avnson | The foldable Cargo Bike | Avnson Bicycle Hamburg\",\"url\":\"https:\\\/\\\/foldride.com\\\/fr\\\/\",\"logo\":{\"@type\":\"ImageObject\",\"inLanguage\":\"fr-FR\",\"@id\":\"https:\\\/\\\/foldride.com\\\/fr\\\/#\\\/schema\\\/logo\\\/image\\\/\",\"url\":\"https:\\\/\\\/avnson.com\\\/wp-content\\\/uploads\\\/2023\\\/02\\\/Avnson_Logo_V1_60_001_schwarz-modified-e1676723863994.png\",\"contentUrl\":\"https:\\\/\\\/avnson.com\\\/wp-content\\\/uploads\\\/2023\\\/02\\\/Avnson_Logo_V1_60_001_schwarz-modified-e1676723863994.png\",\"width\":4867,\"height\":1072,\"caption\":\"Avnson | The foldable Cargo Bike | Avnson Bicycle Hamburg\"},\"image\":{\"@id\":\"https:\\\/\\\/foldride.com\\\/fr\\\/#\\\/schema\\\/logo\\\/image\\\/\"},\"sameAs\":[\"https:\\\/\\\/www.facebook.com\\\/avnson\\\/\",\"https:\\\/\\\/x.com\\\/avnson_mobility\",\"https:\\\/\\\/www.instagram.com\\\/avnson_mobility\\\/\"]}]}<\/script>\n<!-- \/ Yoast SEO plugin. -->","yoast_head_json":{"title":"FOLD \u2013 Full-Size Cargo Bike That Folds Compact","description":"Un vrai v\u00e9lo cargo pour la vie de tous les jours - pliable en quelques secondes quand l'espace compte.Performance cargo compl\u00e8te, stockage compact, et transport modulaire sans outils comme un v\u00e9lo cargo modulaire, v\u00e9lo cargo pour la famille, et v\u00e9lo cargo urbain.","robots":{"index":"index","follow":"follow","max-snippet":"max-snippet:-1","max-image-preview":"max-image-preview:large","max-video-preview":"max-video-preview:-1"},"canonical":"https:\/\/foldride.com\/fr\/mentions-legales\/","og_locale":"fr_FR","og_type":"article","og_title":"FOLD \u2013 Full-Size Cargo Bike That Folds Compact","og_description":"Un vrai v\u00e9lo cargo pour la vie de tous les jours - pliable en quelques secondes quand l'espace compte.Performance cargo compl\u00e8te, stockage compact, et transport modulaire sans outils comme un v\u00e9lo cargo modulaire, v\u00e9lo cargo pour la famille, et v\u00e9lo cargo urbain.","og_url":"https:\/\/foldride.com\/fr\/mentions-legales\/","og_site_name":"FOLD \u2013 Full-Size Cargo Bike That Folds Compact","article_publisher":"https:\/\/www.facebook.com\/avnson\/","article_modified_time":"2026-04-22T10:29:37+00:00","twitter_card":"summary_large_image","twitter_site":"@avnson_mobility","twitter_misc":{"Dur\u00e9e de lecture estim\u00e9e":"2 minutes"},"schema":{"@context":"https:\/\/schema.org","@graph":[{"@type":"WebPage","@id":"https:\/\/foldride.com\/fr\/mentions-legales\/","url":"https:\/\/foldride.com\/fr\/mentions-legales\/","name":"FOLD \u2013 Full-Size Cargo Bike That Folds Compact","isPartOf":{"@id":"https:\/\/foldride.com\/fr\/#website"},"datePublished":"2023-02-16T18:03:56+00:00","dateModified":"2026-04-22T10:29:37+00:00","description":"Un vrai v\u00e9lo cargo pour la vie de tous les jours - pliable en quelques secondes quand l'espace compte.Performance cargo compl\u00e8te, stockage compact, et transport modulaire sans outils comme un v\u00e9lo cargo modulaire, v\u00e9lo cargo pour la famille, et v\u00e9lo cargo urbain.","breadcrumb":{"@id":"https:\/\/foldride.com\/fr\/mentions-legales\/#breadcrumb"},"inLanguage":"fr-FR","potentialAction":[{"@type":"ReadAction","target":["https:\/\/foldride.com\/fr\/mentions-legales\/"]}]},{"@type":"BreadcrumbList","@id":"https:\/\/foldride.com\/fr\/mentions-legales\/#breadcrumb","itemListElement":[{"@type":"ListItem","position":1,"name":"Startseite","item":"https:\/\/foldride.com\/fr\/"},{"@type":"ListItem","position":2,"name":"Mentions l\u00e9gales"}]},{"@type":"WebSite","@id":"https:\/\/foldride.com\/fr\/#website","url":"https:\/\/foldride.com\/fr\/","name":"Avnson | The foldable Cargo Bike | Avnson Bicycle Hamburg","description":"","publisher":{"@id":"https:\/\/foldride.com\/fr\/#organization"},"potentialAction":[{"@type":"SearchAction","target":{"@type":"EntryPoint","urlTemplate":"https:\/\/foldride.com\/fr\/?s={search_term_string}"},"query-input":{"@type":"PropertyValueSpecification","valueRequired":true,"valueName":"search_term_string"}}],"inLanguage":"fr-FR"},{"@type":"Organization","@id":"https:\/\/foldride.com\/fr\/#organization","name":"Avnson | The foldable Cargo Bike | Avnson Bicycle Hamburg","url":"https:\/\/foldride.com\/fr\/","logo":{"@type":"ImageObject","inLanguage":"fr-FR","@id":"https:\/\/foldride.com\/fr\/#\/schema\/logo\/image\/","url":"https:\/\/avnson.com\/wp-content\/uploads\/2023\/02\/Avnson_Logo_V1_60_001_schwarz-modified-e1676723863994.png","contentUrl":"https:\/\/avnson.com\/wp-content\/uploads\/2023\/02\/Avnson_Logo_V1_60_001_schwarz-modified-e1676723863994.png","width":4867,"height":1072,"caption":"Avnson | The foldable Cargo Bike | Avnson Bicycle Hamburg"},"image":{"@id":"https:\/\/foldride.com\/fr\/#\/schema\/logo\/image\/"},"sameAs":["https:\/\/www.facebook.com\/avnson\/","https:\/\/x.com\/avnson_mobility","https:\/\/www.instagram.com\/avnson_mobility\/"]}]}},"_links":{"self":[{"href":"https:\/\/foldride.com\/fr\/wp-json\/wp\/v2\/pages\/4863","targetHints":{"allow":["GET"]}}],"collection":[{"href":"https:\/\/foldride.com\/fr\/wp-json\/wp\/v2\/pages"}],"about":[{"href":"https:\/\/foldride.com\/fr\/wp-json\/wp\/v2\/types\/page"}],"author":[{"embeddable":true,"href":"https:\/\/foldride.com\/fr\/wp-json\/wp\/v2\/users\/1"}],"replies":[{"embeddable":true,"href":"https:\/\/foldride.com\/fr\/wp-json\/wp\/v2\/comments?post=4863"}],"version-history":[{"count":9,"href":"https:\/\/foldride.com\/fr\/wp-json\/wp\/v2\/pages\/4863\/revisions"}],"predecessor-version":[{"id":26681,"href":"https:\/\/foldride.com\/fr\/wp-json\/wp\/v2\/pages\/4863\/revisions\/26681"}],"wp:attachment":[{"href":"https:\/\/foldride.com\/fr\/wp-json\/wp\/v2\/media?parent=4863"}],"curies":[{"name":"wp","href":"https:\/\/api.w.org\/{rel}","templated":true}]}}