{"id":16058,"date":"2025-01-31T11:05:48","date_gmt":"2025-01-31T10:05:48","guid":{"rendered":"https:\/\/avnson.com\/?page_id=16058"},"modified":"2026-04-15T23:11:23","modified_gmt":"2026-04-15T22:11:23","slug":"tech-info-fold-pace-bosch","status":"publish","type":"page","link":"https:\/\/foldride.com\/fr\/tech-info-fold-pace-bosch\/","title":{"rendered":"TECH-INFO-E-Fold-Bosch"},"content":{"rendered":"\t\t<div data-elementor-type=\"wp-page\" data-elementor-id=\"16058\" class=\"elementor elementor-16058 elementor-16056\" data-elementor-post-type=\"page\">\n\t\t\t\t<div class=\"elementor-element elementor-element-4e7f975 e-con-full e-flex e-con e-parent\" data-id=\"4e7f975\" data-element_type=\"container\" data-e-type=\"container\" data-settings=\"{&quot;background_background&quot;:&quot;classic&quot;}\">\n\t\t\t\t<\/div>\n\t\t<div class=\"elementor-element elementor-element-1532021 e-con-full e-flex e-con e-parent\" data-id=\"1532021\" data-element_type=\"container\" data-e-type=\"container\" data-settings=\"{&quot;background_background&quot;:&quot;classic&quot;}\">\n\t\t\t\t<div class=\"elementor-element elementor-element-9d880dd elementor-widget elementor-widget-html\" data-id=\"9d880dd\" data-element_type=\"widget\" data-e-type=\"widget\" data-widget_type=\"html.default\">\n\t\t\t\t<div class=\"elementor-widget-container\">\n\t\t\t\t\t<link href=\"https:\/\/fonts.googleapis.com\/css2?family=Oswald:wght@600&family=Inter:wght@400&display=swap\" rel=\"stylesheet\"><style>.fold-specs {\r\n  max-width: 980px;\r\n  margin: 0 auto;\r\n  color: #111111;\r\n  font-family: 'Inter', sans-serif;\r\n}\r\n.fold-specs__header {\r\n  margin-bottom: 34px;\r\n}\r\n.fold-specs__eyebrow {\r\n  margin: 0 0 10px;\r\n  font-family: 'Inter', sans-serif !important;\r\n  font-size: 12px;\r\n  font-weight: 400;\r\n  line-height: 1.2;\r\n  letter-spacing: 0.12em;\r\n  text-transform: uppercase;\r\n  color: #8a8a8a;\r\n}\r\n.fold-specs__title {\r\n  margin: 0 0 14px;\r\n  font-family: 'Oswald', sans-serif !important;\r\n  font-size: 50px;\r\n  font-weight: 600;\r\n  line-height: 1.05;\r\n  color: #111111;\r\n}\r\n.fold-specs__intro {\r\n  margin: 0;\r\n  max-width: 720px;\r\n  font-family: 'Inter', sans-serif !important;\r\n  font-size: 17px;\r\n  font-weight: 400;\r\n  line-height: 1.65;\r\n  color: #666666;\r\n}\r\n.fold-acc {\r\n  border-top: 1px solid #ececec;\r\n}\r\n.fold-acc__item {\r\n  border-bottom: 1px solid #ececec;\r\n}\r\n.fold-acc__button {\r\n  width: 100%;\r\n  padding: 24px 0;\r\n  border: none;\r\n  background: none;\r\n  text-align: left;\r\n  position: relative;\r\n  cursor: pointer;\r\n  color: #111111;\r\n  font-family: 'Oswald', sans-serif !important;\r\n  font-size: 24px;\r\n  font-weight: 600;\r\n  line-height: 1.2;\r\n}\r\n.fold-acc__button::after {\r\n  content: \"+\";\r\n  position: absolute;\r\n  right: 0;\r\n  top: 50%;\r\n  transform: translateY(-50%);\r\n  font-family: 'Inter', sans-serif;\r\n  font-size: 28px;\r\n  font-weight: 400;\r\n  color: #7a7a7a;\r\n}\r\n.fold-acc__item.is-open .fold-acc__button::after {\r\n  content: \"\u2013\";\r\n}\r\n.fold-acc__content {\r\n  display: none;\r\n  padding: 0 0 26px;\r\n}\r\n.fold-acc__item.is-open .fold-acc__content {\r\n  display: block;\r\n}\r\n.fold-acc table {\r\n  width: 100%;\r\n  border-collapse: collapse;\r\n}\r\n.fold-acc tr {\r\n  border-top: 1px solid #f3f3f3;\r\n}\r\n.fold-acc tr:first-child {\r\n  border-top: none;\r\n}\r\n.fold-acc td {\r\n  padding: 14px 0;\r\n  vertical-align: top;\r\n  font-family: 'Inter', sans-serif !important;\r\n  font-size: 17px;\r\n  font-weight: 400;\r\n  line-height: 1.65;\r\n}\r\n.fold-acc td:first-child {\r\n  width: 34%;\r\n  padding-right: 22px;\r\n  color: #111111;\r\n}\r\n.fold-acc td:last-child {\r\n  color: #666666;\r\n}\r\n@media (max-width: 767px) {\r\n  .fold-specs__title {\r\n    font-size: 36px;\r\n  }\r\n  .fold-specs__intro {\r\n    font-size: 16px;\r\n  }\r\n  .fold-acc__button {\r\n    font-size: 21px;\r\n    padding: 20px 0;\r\n  }\r\n  .fold-acc td {\r\n    display: block;\r\n    width: 100%;\r\n    padding: 7px 0;\r\n    font-size: 16px;\r\n  }\r\n  .fold-acc td:first-child {\r\n    padding-right: 0;\r\n    padding-top: 12px;\r\n  }\r\n  .fold-acc td:last-child {\r\n    padding-bottom: 12px;\r\n  }\r\n}\r\n<\/style><section class=\"fold-specs\"><div class=\"fold-specs__header\"><p class=\"fold-specs__eyebrow\">Technische Daten<\/p><h2 class=\"fold-specs__title\">E-FOLD \u2013 Bosch<\/h2><p class=\"fold-specs__intro\">Alle technischen Details auf einen Blick.<\/p><\/div><div class=\"fold-acc\"><div class=\"fold-acc__item is-open\"><button class=\"fold-acc__button\" type=\"button\">Rahmen & Gabel<\/button><div class=\"fold-acc__content\"><table><tr><td>Rahmen<\/td><td>Aluminium 7005 T6<\/td><\/tr><tr><td>Gabel<\/td><td>CrMo 4130 \u2013 Steckachse M15 x P1.5<\/td><\/tr><tr><td>Rahmenh\u00f6he<\/td><td>Universal<\/td><\/tr><tr><td>Gewicht<\/td><td>34 kg<\/td><\/tr><\/table><\/div><\/div><div class=\"fold-acc__item\"><button class=\"fold-acc__button\" type=\"button\">R\u00e4der & Fahrwerk<\/button><div class=\"fold-acc__content\"><table><tr><td>Radgr\u00f6\u00dfe<\/td><td>20\u2033 \/ 20\u2033<\/td><\/tr><tr><td>Felgen<\/td><td>Aluminium Hohlkammer, 32 Loch<\/td><\/tr><tr><td>Speichen<\/td><td>13G Heavy Duty<\/td><\/tr><tr><td>Reifen<\/td><td>SCHWALBE PICK-UP<\/td><\/tr><tr><td>Vorderradnabe<\/td><td>Novatec \u2013 32 Loch \u2013 Steckachse M15 x P1.5<\/td><\/tr><tr><td>Hinterradnabe<\/td><td>135 mm \u2013 32 Loch \u2013 Achse 10 mm<\/td><\/tr><\/table><\/div><\/div><div class=\"fold-acc__item\"><button class=\"fold-acc__button\" type=\"button\">Bremsen & Lenkung<\/button><div class=\"fold-acc__content\"><table><tr><td>Bremsen<\/td><td>Tektro HD-T6040, 4-Kolben, 180 mm<\/td><\/tr><tr><td>Lenkung<\/td><td>Seilzuglenkung (2\u00d72 System)<\/td><\/tr><\/table><\/div><\/div><div class=\"fold-acc__item\"><button class=\"fold-acc__button\" type=\"button\">Komponenten<\/button><div class=\"fold-acc__content\"><table><tr><td>Lenker<\/td><td>Satori DEVIANT 3<\/td><\/tr><tr><td>Lenkervorbau<\/td><td>FOLD, h\u00f6henverstellbar (6 Stufen, 100 mm)<\/td><\/tr><tr><td>Vorbau<\/td><td>Satori VIPER<\/td><\/tr><tr><td>Griffe<\/td><td>Ergon GP10<\/td><\/tr><tr><td>Sattelst\u00fctze<\/td><td>Satori SORATA<\/td><\/tr><tr><td>Sattel<\/td><td>Velo VL-4494<\/td><\/tr><tr><td>Pedale<\/td><td>Klapp-Pedale<\/td><\/tr><tr><td>St\u00e4nder<\/td><td>FOLD<\/td><\/tr><tr><td>Gep\u00e4cktr\u00e4ger<\/td><td>FOLD<\/td><\/tr><\/table><\/div><\/div><div class=\"fold-acc__item\"><button class=\"fold-acc__button\" type=\"button\">Antrieb<\/button><div class=\"fold-acc__content\"><table><tr><td>Motor<\/td><td>Bosch Performance Line CX (Gen 5)<\/td><\/tr><tr><td>Leistung<\/td><td>250 W \/ 85 Nm<\/td><\/tr><tr><td>Akku<\/td><td>545 Wh<\/td><\/tr><tr><td>Display<\/td><td>Bosch Purion 200<\/td><\/tr><tr><td>Getriebenabe<\/td><td>3X3 NINE, 9-Gang<\/td><\/tr><tr><td>Antrieb<\/td><td>Riemenantrieb<\/td><\/tr><tr><td>\u00dcbersetzung<\/td><td>50T \/ 28T<\/td><\/tr><tr><td>Riemen<\/td><td>113 Z\u00e4hne<\/td><\/tr><\/table><\/div><\/div><div class=\"fold-acc__item\"><button class=\"fold-acc__button\" type=\"button\">Beleuchtung<\/button><div class=\"fold-acc__content\"><table><tr><td>Licht<\/td><td>Supernova MINI 2 \/ TL3 PRO<\/td><\/tr><\/table><\/div><\/div><\/div><\/section><script>document.addEventListener('DOMContentLoaded', function () {\r\n  document.querySelectorAll('.fold-acc__button').forEach(function (button) {\r\n    button.addEventListener('click', function () {\r\n      this.parentElement.classList.toggle('is-open');\r\n    });\r\n  });\r\n});\r\n<\/script>\t\t\t\t<\/div>\n\t\t\t\t<\/div>\n\t\t\t\t<\/div>\n\t\t<div class=\"elementor-element elementor-element-611f136 e-flex e-con-boxed e-con e-parent\" data-id=\"611f136\" data-element_type=\"container\" data-e-type=\"container\">\n\t\t\t\t\t<div class=\"e-con-inner\">\n\t\t\t\t<div class=\"elementor-element elementor-element-e5b1530 elementor-widget elementor-widget-image\" data-id=\"e5b1530\" data-element_type=\"widget\" data-e-type=\"widget\" data-widget_type=\"image.default\">\n\t\t\t\t<div class=\"elementor-widget-container\">\n\t\t\t\t\t\t\t\t\t\t\t\t\t\t\t<img fetchpriority=\"high\" decoding=\"async\" width=\"1024\" height=\"507\" src=\"https:\/\/foldride.com\/wp-content\/uploads\/2025\/09\/Avnson_Fold_001-TZ-1024x507.jpg\" class=\"attachment-large size-large wp-image-22653\" alt=\"\" srcset=\"https:\/\/foldride.com\/wp-content\/uploads\/2025\/09\/Avnson_Fold_001-TZ-1024x507.jpg 1024w, https:\/\/foldride.com\/wp-content\/uploads\/2025\/09\/Avnson_Fold_001-TZ-300x149.jpg 300w, https:\/\/foldride.com\/wp-content\/uploads\/2025\/09\/Avnson_Fold_001-TZ-768x380.jpg 768w, https:\/\/foldride.com\/wp-content\/uploads\/2025\/09\/Avnson_Fold_001-TZ-1536x761.jpg 1536w, https:\/\/foldride.com\/wp-content\/uploads\/2025\/09\/Avnson_Fold_001-TZ.jpg 1866w\" sizes=\"(max-width: 1024px) 100vw, 1024px\" \/>\t\t\t\t\t\t\t\t\t\t\t\t\t\t\t<\/div>\n\t\t\t\t<\/div>\n\t\t\t\t<div class=\"elementor-element elementor-element-5ea7b75 elementor-widget elementor-widget-image\" data-id=\"5ea7b75\" data-element_type=\"widget\" data-e-type=\"widget\" data-widget_type=\"image.default\">\n\t\t\t\t<div class=\"elementor-widget-container\">\n\t\t\t\t\t\t\t\t\t\t\t\t\t\t\t<img decoding=\"async\" width=\"1024\" height=\"327\" src=\"https:\/\/foldride.com\/wp-content\/uploads\/2025\/09\/Avnson_Fold_002-1-TZ-1024x327.jpg\" class=\"attachment-large size-large wp-image-22654\" alt=\"\" srcset=\"https:\/\/foldride.com\/wp-content\/uploads\/2025\/09\/Avnson_Fold_002-1-TZ-1024x327.jpg 1024w, https:\/\/foldride.com\/wp-content\/uploads\/2025\/09\/Avnson_Fold_002-1-TZ-300x96.jpg 300w, https:\/\/foldride.com\/wp-content\/uploads\/2025\/09\/Avnson_Fold_002-1-TZ-768x245.jpg 768w, https:\/\/foldride.com\/wp-content\/uploads\/2025\/09\/Avnson_Fold_002-1-TZ-1536x491.jpg 1536w, https:\/\/foldride.com\/wp-content\/uploads\/2025\/09\/Avnson_Fold_002-1-TZ.jpg 1763w\" sizes=\"(max-width: 1024px) 100vw, 1024px\" \/>\t\t\t\t\t\t\t\t\t\t\t\t\t\t\t<\/div>\n\t\t\t\t<\/div>\n\t\t<div class=\"elementor-element elementor-element-1b8eb57 e-con-full e-flex e-con e-child\" data-id=\"1b8eb57\" data-element_type=\"container\" data-e-type=\"container\">\n\t\t<div class=\"elementor-element elementor-element-0e53b3b e-con-full e-flex e-con e-child\" data-id=\"0e53b3b\" data-element_type=\"container\" data-e-type=\"container\">\n\t\t\t\t<div class=\"elementor-element elementor-element-e9e2c7c elementor-widget elementor-widget-image\" data-id=\"e9e2c7c\" data-element_type=\"widget\" data-e-type=\"widget\" data-widget_type=\"image.default\">\n\t\t\t\t<div class=\"elementor-widget-container\">\n\t\t\t\t\t\t\t\t\t\t\t\t\t\t\t<img decoding=\"async\" width=\"1024\" height=\"861\" src=\"https:\/\/foldride.com\/wp-content\/uploads\/2025\/09\/Avnson_Fold_005-TZ-1024x861.jpg\" class=\"attachment-large size-large wp-image-22655\" alt=\"\" srcset=\"https:\/\/foldride.com\/wp-content\/uploads\/2025\/09\/Avnson_Fold_005-TZ-1024x861.jpg 1024w, https:\/\/foldride.com\/wp-content\/uploads\/2025\/09\/Avnson_Fold_005-TZ-300x252.jpg 300w, https:\/\/foldride.com\/wp-content\/uploads\/2025\/09\/Avnson_Fold_005-TZ-768x646.jpg 768w, https:\/\/foldride.com\/wp-content\/uploads\/2025\/09\/Avnson_Fold_005-TZ.jpg 1132w\" sizes=\"(max-width: 1024px) 100vw, 1024px\" \/>\t\t\t\t\t\t\t\t\t\t\t\t\t\t\t<\/div>\n\t\t\t\t<\/div>\n\t\t\t\t<\/div>\n\t\t<div class=\"elementor-element elementor-element-6a58082 e-con-full e-flex e-con e-child\" data-id=\"6a58082\" data-element_type=\"container\" data-e-type=\"container\">\n\t\t\t\t<div class=\"elementor-element elementor-element-17e5856 elementor-widget elementor-widget-image\" data-id=\"17e5856\" data-element_type=\"widget\" data-e-type=\"widget\" data-widget_type=\"image.default\">\n\t\t\t\t<div class=\"elementor-widget-container\">\n\t\t\t\t\t\t\t\t\t\t\t\t\t\t\t<img loading=\"lazy\" decoding=\"async\" width=\"1024\" height=\"816\" src=\"https:\/\/foldride.com\/wp-content\/uploads\/2025\/09\/Avnson_Fold_002-TZ-1024x816.jpg\" class=\"attachment-large size-large wp-image-22656\" alt=\"\" srcset=\"https:\/\/foldride.com\/wp-content\/uploads\/2025\/09\/Avnson_Fold_002-TZ-1024x816.jpg 1024w, https:\/\/foldride.com\/wp-content\/uploads\/2025\/09\/Avnson_Fold_002-TZ-300x239.jpg 300w, https:\/\/foldride.com\/wp-content\/uploads\/2025\/09\/Avnson_Fold_002-TZ-768x612.jpg 768w, https:\/\/foldride.com\/wp-content\/uploads\/2025\/09\/Avnson_Fold_002-TZ.jpg 1213w\" sizes=\"(max-width: 1024px) 100vw, 1024px\" \/>\t\t\t\t\t\t\t\t\t\t\t\t\t\t\t<\/div>\n\t\t\t\t<\/div>\n\t\t\t\t<\/div>\n\t\t\t\t<\/div>\n\t\t\t\t\t<\/div>\n\t\t\t\t<\/div>\n\t\t\t\t<\/div>\n\t\t","protected":false},"excerpt":{"rendered":"<p>Technische Daten E-FOLD \u2013 Bosch Alle technischen Details auf einen Blick. Rahmen &#038; Gabel Rahmen Aluminium 7005 T6 Gabel CrMo 4130 \u2013 Steckachse M15 x P1.5 Rahmenh\u00f6he Universal Gewicht 34 kg R\u00e4der &#038; Fahrwerk Radgr\u00f6\u00dfe 20\u2033 \/ 20\u2033 Felgen Aluminium Hohlkammer, 32 Loch Speichen 13G Heavy Duty Reifen SCHWALBE PICK-UP Vorderradnabe Novatec \u2013 32 Loch [&hellip;]<\/p>\n","protected":false},"author":1,"featured_media":0,"parent":0,"menu_order":0,"comment_status":"closed","ping_status":"closed","template":"","meta":{"site-sidebar-layout":"no-sidebar","site-content-layout":"page-builder","ast-site-content-layout":"full-width-container","site-content-style":"unboxed","site-sidebar-style":"unboxed","ast-global-header-display":"","ast-banner-title-visibility":"","ast-main-header-display":"","ast-hfb-above-header-display":"","ast-hfb-below-header-display":"","ast-hfb-mobile-header-display":"","site-post-title":"disabled","ast-breadcrumbs-content":"","ast-featured-img":"disabled","footer-sml-layout":"","ast-disable-related-posts":"","theme-transparent-header-meta":"disabled","adv-header-id-meta":"","stick-header-meta":"enabled","header-above-stick-meta":"","header-main-stick-meta":"disabled","header-below-stick-meta":"","astra-migrate-meta-layouts":"set","ast-page-background-enabled":"default","ast-page-background-meta":{"desktop":{"background-color":"var(--ast-global-color-4)","background-image":"","background-repeat":"repeat","background-position":"center center","background-size":"auto","background-attachment":"scroll","background-type":"","background-media":"","overlay-type":"","overlay-color":"","overlay-opacity":"","overlay-gradient":""},"tablet":{"background-color":"","background-image":"","background-repeat":"repeat","background-position":"center center","background-size":"auto","background-attachment":"scroll","background-type":"","background-media":"","overlay-type":"","overlay-color":"","overlay-opacity":"","overlay-gradient":""},"mobile":{"background-color":"","background-image":"","background-repeat":"repeat","background-position":"center center","background-size":"auto","background-attachment":"scroll","background-type":"","background-media":"","overlay-type":"","overlay-color":"","overlay-opacity":"","overlay-gradient":""}},"ast-content-background-meta":{"desktop":{"background-color":"var(--ast-global-color-5)","background-image":"","background-repeat":"repeat","background-position":"center center","background-size":"auto","background-attachment":"scroll","background-type":"","background-media":"","overlay-type":"","overlay-color":"","overlay-opacity":"","overlay-gradient":""},"tablet":{"background-color":"var(--ast-global-color-5)","background-image":"","background-repeat":"repeat","background-position":"center center","background-size":"auto","background-attachment":"scroll","background-type":"","background-media":"","overlay-type":"","overlay-color":"","overlay-opacity":"","overlay-gradient":""},"mobile":{"background-color":"var(--ast-global-color-5)","background-image":"","background-repeat":"repeat","background-position":"center center","background-size":"auto","background-attachment":"scroll","background-type":"","background-media":"","overlay-type":"","overlay-color":"","overlay-opacity":"","overlay-gradient":""}},"footnotes":""},"class_list":["post-16058","page","type-page","status-publish","hentry"],"yoast_head":"<!-- This site is optimized with the Yoast SEO plugin v27.4 - https:\/\/yoast.com\/product\/yoast-seo-wordpress\/ -->\n<title>FOLD \u2013 Full-Size Cargo Bike That Folds Compact<\/title>\n<meta name=\"description\" content=\"Un vrai v\u00e9lo cargo pour la vie de tous les jours - pliable en quelques secondes quand l&#039;espace compte.Performance cargo compl\u00e8te, stockage compact, et transport modulaire sans outils comme un v\u00e9lo cargo modulaire, v\u00e9lo cargo pour la famille, et v\u00e9lo cargo urbain.\" \/>\n<meta name=\"robots\" content=\"index, follow, max-snippet:-1, max-image-preview:large, max-video-preview:-1\" \/>\n<link rel=\"canonical\" href=\"https:\/\/foldride.com\/fr\/tech-info-fold-pace-bosch\/\" \/>\n<meta property=\"og:locale\" content=\"fr_FR\" \/>\n<meta property=\"og:type\" content=\"article\" \/>\n<meta property=\"og:title\" content=\"FOLD \u2013 Full-Size Cargo Bike That Folds Compact\" \/>\n<meta property=\"og:description\" content=\"Un vrai v\u00e9lo cargo pour la vie de tous les jours - pliable en quelques secondes quand l&#039;espace compte.Performance cargo compl\u00e8te, stockage compact, et transport modulaire sans outils comme un v\u00e9lo cargo modulaire, v\u00e9lo cargo pour la famille, et v\u00e9lo cargo urbain.\" \/>\n<meta property=\"og:url\" content=\"https:\/\/foldride.com\/fr\/tech-info-fold-pace-bosch\/\" \/>\n<meta property=\"og:site_name\" content=\"FOLD \u2013 Full-Size Cargo Bike That Folds Compact\" \/>\n<meta property=\"article:publisher\" content=\"https:\/\/www.facebook.com\/avnson\/\" \/>\n<meta property=\"article:modified_time\" content=\"2026-04-15T22:11:23+00:00\" \/>\n<meta property=\"og:image\" content=\"https:\/\/foldride.com\/wp-content\/uploads\/2025\/09\/Avnson_Fold_001-TZ.jpg\" \/>\n\t<meta property=\"og:image:width\" content=\"1866\" \/>\n\t<meta property=\"og:image:height\" content=\"924\" \/>\n\t<meta property=\"og:image:type\" content=\"image\/jpeg\" \/>\n<meta name=\"twitter:card\" content=\"summary_large_image\" \/>\n<meta name=\"twitter:site\" content=\"@avnson_mobility\" \/>\n<meta name=\"twitter:label1\" content=\"Dur\u00e9e de lecture estim\u00e9e\" \/>\n\t<meta name=\"twitter:data1\" content=\"3 minutes\" \/>\n<script type=\"application\/ld+json\" class=\"yoast-schema-graph\">{\"@context\":\"https:\\\/\\\/schema.org\",\"@graph\":[{\"@type\":\"WebPage\",\"@id\":\"https:\\\/\\\/foldride.com\\\/fr\\\/tech-info-fold-pace-bosch\\\/\",\"url\":\"https:\\\/\\\/foldride.com\\\/fr\\\/tech-info-fold-pace-bosch\\\/\",\"name\":\"FOLD \u2013 Full-Size Cargo Bike That Folds Compact\",\"isPartOf\":{\"@id\":\"https:\\\/\\\/foldride.com\\\/fr\\\/#website\"},\"primaryImageOfPage\":{\"@id\":\"https:\\\/\\\/foldride.com\\\/fr\\\/tech-info-fold-pace-bosch\\\/#primaryimage\"},\"image\":{\"@id\":\"https:\\\/\\\/foldride.com\\\/fr\\\/tech-info-fold-pace-bosch\\\/#primaryimage\"},\"thumbnailUrl\":\"https:\\\/\\\/foldride.com\\\/wp-content\\\/uploads\\\/2025\\\/09\\\/Avnson_Fold_001-TZ-1024x507.jpg\",\"datePublished\":\"2025-01-31T10:05:48+00:00\",\"dateModified\":\"2026-04-15T22:11:23+00:00\",\"description\":\"Un vrai v\u00e9lo cargo pour la vie de tous les jours - pliable en quelques secondes quand l'espace compte.Performance cargo compl\u00e8te, stockage compact, et transport modulaire sans outils comme un v\u00e9lo cargo modulaire, v\u00e9lo cargo pour la famille, et v\u00e9lo cargo urbain.\",\"breadcrumb\":{\"@id\":\"https:\\\/\\\/foldride.com\\\/fr\\\/tech-info-fold-pace-bosch\\\/#breadcrumb\"},\"inLanguage\":\"fr-FR\",\"potentialAction\":[{\"@type\":\"ReadAction\",\"target\":[\"https:\\\/\\\/foldride.com\\\/fr\\\/tech-info-fold-pace-bosch\\\/\"]}]},{\"@type\":\"ImageObject\",\"inLanguage\":\"fr-FR\",\"@id\":\"https:\\\/\\\/foldride.com\\\/fr\\\/tech-info-fold-pace-bosch\\\/#primaryimage\",\"url\":\"https:\\\/\\\/foldride.com\\\/wp-content\\\/uploads\\\/2025\\\/09\\\/Avnson_Fold_001-TZ-1024x507.jpg\",\"contentUrl\":\"https:\\\/\\\/foldride.com\\\/wp-content\\\/uploads\\\/2025\\\/09\\\/Avnson_Fold_001-TZ-1024x507.jpg\"},{\"@type\":\"BreadcrumbList\",\"@id\":\"https:\\\/\\\/foldride.com\\\/fr\\\/tech-info-fold-pace-bosch\\\/#breadcrumb\",\"itemListElement\":[{\"@type\":\"ListItem\",\"position\":1,\"name\":\"Startseite\",\"item\":\"https:\\\/\\\/foldride.com\\\/fr\\\/\"},{\"@type\":\"ListItem\",\"position\":2,\"name\":\"TECH-INFO-E-Fold-Bosch\"}]},{\"@type\":\"WebSite\",\"@id\":\"https:\\\/\\\/foldride.com\\\/fr\\\/#website\",\"url\":\"https:\\\/\\\/foldride.com\\\/fr\\\/\",\"name\":\"Avnson | The foldable Cargo Bike | Avnson Bicycle Hamburg\",\"description\":\"\",\"publisher\":{\"@id\":\"https:\\\/\\\/foldride.com\\\/fr\\\/#organization\"},\"potentialAction\":[{\"@type\":\"SearchAction\",\"target\":{\"@type\":\"EntryPoint\",\"urlTemplate\":\"https:\\\/\\\/foldride.com\\\/fr\\\/?s={search_term_string}\"},\"query-input\":{\"@type\":\"PropertyValueSpecification\",\"valueRequired\":true,\"valueName\":\"search_term_string\"}}],\"inLanguage\":\"fr-FR\"},{\"@type\":\"Organization\",\"@id\":\"https:\\\/\\\/foldride.com\\\/fr\\\/#organization\",\"name\":\"Avnson | The foldable Cargo Bike | Avnson Bicycle Hamburg\",\"url\":\"https:\\\/\\\/foldride.com\\\/fr\\\/\",\"logo\":{\"@type\":\"ImageObject\",\"inLanguage\":\"fr-FR\",\"@id\":\"https:\\\/\\\/foldride.com\\\/fr\\\/#\\\/schema\\\/logo\\\/image\\\/\",\"url\":\"https:\\\/\\\/avnson.com\\\/wp-content\\\/uploads\\\/2023\\\/02\\\/Avnson_Logo_V1_60_001_schwarz-modified-e1676723863994.png\",\"contentUrl\":\"https:\\\/\\\/avnson.com\\\/wp-content\\\/uploads\\\/2023\\\/02\\\/Avnson_Logo_V1_60_001_schwarz-modified-e1676723863994.png\",\"width\":4867,\"height\":1072,\"caption\":\"Avnson | The foldable Cargo Bike | Avnson Bicycle Hamburg\"},\"image\":{\"@id\":\"https:\\\/\\\/foldride.com\\\/fr\\\/#\\\/schema\\\/logo\\\/image\\\/\"},\"sameAs\":[\"https:\\\/\\\/www.facebook.com\\\/avnson\\\/\",\"https:\\\/\\\/x.com\\\/avnson_mobility\",\"https:\\\/\\\/www.instagram.com\\\/avnson_mobility\\\/\"]}]}<\/script>\n<!-- \/ Yoast SEO plugin. -->","yoast_head_json":{"title":"FOLD \u2013 Full-Size Cargo Bike That Folds Compact","description":"Un vrai v\u00e9lo cargo pour la vie de tous les jours - pliable en quelques secondes quand l'espace compte.Performance cargo compl\u00e8te, stockage compact, et transport modulaire sans outils comme un v\u00e9lo cargo modulaire, v\u00e9lo cargo pour la famille, et v\u00e9lo cargo urbain.","robots":{"index":"index","follow":"follow","max-snippet":"max-snippet:-1","max-image-preview":"max-image-preview:large","max-video-preview":"max-video-preview:-1"},"canonical":"https:\/\/foldride.com\/fr\/tech-info-fold-pace-bosch\/","og_locale":"fr_FR","og_type":"article","og_title":"FOLD \u2013 Full-Size Cargo Bike That Folds Compact","og_description":"Un vrai v\u00e9lo cargo pour la vie de tous les jours - pliable en quelques secondes quand l'espace compte.Performance cargo compl\u00e8te, stockage compact, et transport modulaire sans outils comme un v\u00e9lo cargo modulaire, v\u00e9lo cargo pour la famille, et v\u00e9lo cargo urbain.","og_url":"https:\/\/foldride.com\/fr\/tech-info-fold-pace-bosch\/","og_site_name":"FOLD \u2013 Full-Size Cargo Bike That Folds Compact","article_publisher":"https:\/\/www.facebook.com\/avnson\/","article_modified_time":"2026-04-15T22:11:23+00:00","og_image":[{"width":1866,"height":924,"url":"https:\/\/foldride.com\/wp-content\/uploads\/2025\/09\/Avnson_Fold_001-TZ.jpg","type":"image\/jpeg"}],"twitter_card":"summary_large_image","twitter_site":"@avnson_mobility","twitter_misc":{"Dur\u00e9e de lecture estim\u00e9e":"3 minutes"},"schema":{"@context":"https:\/\/schema.org","@graph":[{"@type":"WebPage","@id":"https:\/\/foldride.com\/fr\/tech-info-fold-pace-bosch\/","url":"https:\/\/foldride.com\/fr\/tech-info-fold-pace-bosch\/","name":"FOLD \u2013 Full-Size Cargo Bike That Folds Compact","isPartOf":{"@id":"https:\/\/foldride.com\/fr\/#website"},"primaryImageOfPage":{"@id":"https:\/\/foldride.com\/fr\/tech-info-fold-pace-bosch\/#primaryimage"},"image":{"@id":"https:\/\/foldride.com\/fr\/tech-info-fold-pace-bosch\/#primaryimage"},"thumbnailUrl":"https:\/\/foldride.com\/wp-content\/uploads\/2025\/09\/Avnson_Fold_001-TZ-1024x507.jpg","datePublished":"2025-01-31T10:05:48+00:00","dateModified":"2026-04-15T22:11:23+00:00","description":"Un vrai v\u00e9lo cargo pour la vie de tous les jours - pliable en quelques secondes quand l'espace compte.Performance cargo compl\u00e8te, stockage compact, et transport modulaire sans outils comme un v\u00e9lo cargo modulaire, v\u00e9lo cargo pour la famille, et v\u00e9lo cargo urbain.","breadcrumb":{"@id":"https:\/\/foldride.com\/fr\/tech-info-fold-pace-bosch\/#breadcrumb"},"inLanguage":"fr-FR","potentialAction":[{"@type":"ReadAction","target":["https:\/\/foldride.com\/fr\/tech-info-fold-pace-bosch\/"]}]},{"@type":"ImageObject","inLanguage":"fr-FR","@id":"https:\/\/foldride.com\/fr\/tech-info-fold-pace-bosch\/#primaryimage","url":"https:\/\/foldride.com\/wp-content\/uploads\/2025\/09\/Avnson_Fold_001-TZ-1024x507.jpg","contentUrl":"https:\/\/foldride.com\/wp-content\/uploads\/2025\/09\/Avnson_Fold_001-TZ-1024x507.jpg"},{"@type":"BreadcrumbList","@id":"https:\/\/foldride.com\/fr\/tech-info-fold-pace-bosch\/#breadcrumb","itemListElement":[{"@type":"ListItem","position":1,"name":"Startseite","item":"https:\/\/foldride.com\/fr\/"},{"@type":"ListItem","position":2,"name":"TECH-INFO-E-Fold-Bosch"}]},{"@type":"WebSite","@id":"https:\/\/foldride.com\/fr\/#website","url":"https:\/\/foldride.com\/fr\/","name":"Avnson | The foldable Cargo Bike | Avnson Bicycle Hamburg","description":"","publisher":{"@id":"https:\/\/foldride.com\/fr\/#organization"},"potentialAction":[{"@type":"SearchAction","target":{"@type":"EntryPoint","urlTemplate":"https:\/\/foldride.com\/fr\/?s={search_term_string}"},"query-input":{"@type":"PropertyValueSpecification","valueRequired":true,"valueName":"search_term_string"}}],"inLanguage":"fr-FR"},{"@type":"Organization","@id":"https:\/\/foldride.com\/fr\/#organization","name":"Avnson | The foldable Cargo Bike | Avnson Bicycle Hamburg","url":"https:\/\/foldride.com\/fr\/","logo":{"@type":"ImageObject","inLanguage":"fr-FR","@id":"https:\/\/foldride.com\/fr\/#\/schema\/logo\/image\/","url":"https:\/\/avnson.com\/wp-content\/uploads\/2023\/02\/Avnson_Logo_V1_60_001_schwarz-modified-e1676723863994.png","contentUrl":"https:\/\/avnson.com\/wp-content\/uploads\/2023\/02\/Avnson_Logo_V1_60_001_schwarz-modified-e1676723863994.png","width":4867,"height":1072,"caption":"Avnson | The foldable Cargo Bike | Avnson Bicycle Hamburg"},"image":{"@id":"https:\/\/foldride.com\/fr\/#\/schema\/logo\/image\/"},"sameAs":["https:\/\/www.facebook.com\/avnson\/","https:\/\/x.com\/avnson_mobility","https:\/\/www.instagram.com\/avnson_mobility\/"]}]}},"_links":{"self":[{"href":"https:\/\/foldride.com\/fr\/wp-json\/wp\/v2\/pages\/16058","targetHints":{"allow":["GET"]}}],"collection":[{"href":"https:\/\/foldride.com\/fr\/wp-json\/wp\/v2\/pages"}],"about":[{"href":"https:\/\/foldride.com\/fr\/wp-json\/wp\/v2\/types\/page"}],"author":[{"embeddable":true,"href":"https:\/\/foldride.com\/fr\/wp-json\/wp\/v2\/users\/1"}],"replies":[{"embeddable":true,"href":"https:\/\/foldride.com\/fr\/wp-json\/wp\/v2\/comments?post=16058"}],"version-history":[{"count":32,"href":"https:\/\/foldride.com\/fr\/wp-json\/wp\/v2\/pages\/16058\/revisions"}],"predecessor-version":[{"id":26777,"href":"https:\/\/foldride.com\/fr\/wp-json\/wp\/v2\/pages\/16058\/revisions\/26777"}],"wp:attachment":[{"href":"https:\/\/foldride.com\/fr\/wp-json\/wp\/v2\/media?parent=16058"}],"curies":[{"name":"wp","href":"https:\/\/api.w.org\/{rel}","templated":true}]}}