{"id":15063,"date":"2025-01-19T23:44:37","date_gmt":"2025-01-19T22:44:37","guid":{"rendered":"https:\/\/avnson.com\/?page_id=15063"},"modified":"2026-02-12T23:43:23","modified_gmt":"2026-02-12T22:43:23","slug":"comment-tout-a-commence","status":"publish","type":"page","link":"https:\/\/foldride.com\/fr\/comment-tout-a-commence\/","title":{"rendered":"\u00c0 propos de"},"content":{"rendered":"\t\t<div data-elementor-type=\"wp-page\" data-elementor-id=\"15063\" class=\"elementor elementor-15063 elementor-15061\" data-elementor-post-type=\"page\">\n\t\t\t\t<div class=\"elementor-element elementor-element-d7aafab e-flex e-con-boxed e-con e-parent\" data-id=\"d7aafab\" data-element_type=\"container\" data-e-type=\"container\">\n\t\t\t\t\t<div class=\"e-con-inner\">\n\t\t<div class=\"elementor-element elementor-element-ffcb9c0 e-con-full e-flex e-con e-child\" data-id=\"ffcb9c0\" data-element_type=\"container\" data-e-type=\"container\">\n\t\t\t\t<div class=\"elementor-element elementor-element-513bd7f elementor-widget elementor-widget-heading\" data-id=\"513bd7f\" data-element_type=\"widget\" data-e-type=\"widget\" data-widget_type=\"heading.default\">\n\t\t\t\t<div class=\"elementor-widget-container\">\n\t\t\t\t\t<h2 class=\"elementor-heading-title elementor-size-default\">MISSION<\/h2>\t\t\t\t<\/div>\n\t\t\t\t<\/div>\n\t\t\t\t<div class=\"elementor-element elementor-element-e22e65a elementor-widget elementor-widget-heading\" data-id=\"e22e65a\" data-element_type=\"widget\" data-e-type=\"widget\" data-widget_type=\"heading.default\">\n\t\t\t\t<div class=\"elementor-widget-container\">\n\t\t\t\t\t<h2 class=\"elementor-heading-title elementor-size-default\">Make Space. Save Space. <\/h2>\t\t\t\t<\/div>\n\t\t\t\t<\/div>\n\t\t\t\t<div class=\"elementor-element elementor-element-fe2d782 elementor-widget elementor-widget-text-editor\" data-id=\"fe2d782\" data-element_type=\"widget\" data-e-type=\"widget\" data-widget_type=\"text-editor.default\">\n\t\t\t\t<div class=\"elementor-widget-container\">\n\t\t\t\t\t\t\t\t\t<p>Passionn\u00e9 de cyclisme, le fondateur de FOLD, Sahabi Arouna, ne jure que par la polyvalence des v\u00e9los-cargos. Une seule chose le d\u00e9rangeait dans son quotidien de cycliste dans le quartier \u00e9troit de Schanzen \u00e0 Hambourg : ces engins sont trop grands pour les transports en commun, trop encombrants pour \u00eatre stock\u00e9s dans l&rsquo;appartement, trop longs pour \u00eatre rang\u00e9s dans la voiture. Pour Sahabi, il \u00e9tait clair que si mon cargobike devait vraiment s&rsquo;int\u00e9grer de mani\u00e8re transparente dans la vie quotidienne, il devait \u00eatre plus compact.  <\/p><p>C&rsquo;est l&rsquo;id\u00e9e de d\u00e9part qui a pr\u00e9sid\u00e9 au d\u00e9veloppement du FOLD. Il peut \u00eatre r\u00e9duit en deux temps trois mouvements \u00e0 un format compact, sans pour autant faire le moindre compromis en termes de fonctionnalit\u00e9. Bien au contraire. Le FOLD est l&rsquo;un des v\u00e9los-cargos les plus performants qui soient. Pour voyager, pour faire la navette, comme b\u00eate de somme, puriste ou \u00e0 propulsion \u00e9lectrique : chaque FOLD est extr\u00eamement facile \u00e0 conduire, extr\u00eamement r\u00e9sistant et construit pour durer (nous y reviendrons plus tard).    <\/p><p>Pour Sahabi, le FOLD est bien plus qu&rsquo;un v\u00e9lo cargo : il exprime sa philosophie tr\u00e8s personnelle de l&rsquo;unit\u00e9 totale. Sans tomber dans la philosophie : Si le FOLD est aussi intransigeant, durable et r\u00e9silient qu&rsquo;il l&rsquo;est, c&rsquo;est parce qu&rsquo;il repr\u00e9sente une conviction profonde et intime. Pour le dire autrement, il n&rsquo;a pas \u00e9t\u00e9 con\u00e7u par des designers ni calcul\u00e9 par des contr\u00f4leurs, mais il est tout simplement construit comme Sahabi voulait que son v\u00e9lo cargo soit parfait.  <\/p>\t\t\t\t\t\t\t\t<\/div>\n\t\t\t\t<\/div>\n\t\t\t\t<\/div>\n\t\t<div class=\"elementor-element elementor-element-3a03711 e-con-full e-flex e-con e-child\" data-id=\"3a03711\" data-element_type=\"container\" data-e-type=\"container\">\n\t\t\t\t<div class=\"elementor-element elementor-element-f8c1a7b elementor-widget__width-initial elementor-widget elementor-widget-image\" data-id=\"f8c1a7b\" data-element_type=\"widget\" data-e-type=\"widget\" data-widget_type=\"image.default\">\n\t\t\t\t<div class=\"elementor-widget-container\">\n\t\t\t\t\t\t\t\t\t\t\t\t\t\t\t<img fetchpriority=\"high\" decoding=\"async\" width=\"1055\" height=\"1500\" src=\"https:\/\/foldride.com\/wp-content\/uploads\/2025\/01\/about_008.jpg\" class=\"attachment-full size-full wp-image-13034\" alt=\"\" srcset=\"https:\/\/foldride.com\/wp-content\/uploads\/2025\/01\/about_008.jpg 1055w, https:\/\/foldride.com\/wp-content\/uploads\/2025\/01\/about_008-211x300.jpg 211w, https:\/\/foldride.com\/wp-content\/uploads\/2025\/01\/about_008-720x1024.jpg 720w, https:\/\/foldride.com\/wp-content\/uploads\/2025\/01\/about_008-768x1092.jpg 768w\" sizes=\"(max-width: 1055px) 100vw, 1055px\" \/>\t\t\t\t\t\t\t\t\t\t\t\t\t\t\t<\/div>\n\t\t\t\t<\/div>\n\t\t\t\t<\/div>\n\t\t\t\t\t<\/div>\n\t\t\t\t<\/div>\n\t\t<div class=\"elementor-element elementor-element-1829bef e-grid e-con-boxed e-con e-parent\" data-id=\"1829bef\" data-element_type=\"container\" data-e-type=\"container\">\n\t\t\t\t\t<div class=\"e-con-inner\">\n\t\t\t\t<div class=\"elementor-element elementor-element-1eb424d elementor-widget elementor-widget-image\" data-id=\"1eb424d\" data-element_type=\"widget\" data-e-type=\"widget\" data-widget_type=\"image.default\">\n\t\t\t\t<div class=\"elementor-widget-container\">\n\t\t\t\t\t\t\t\t\t\t\t\t\t\t\t<img decoding=\"async\" width=\"1024\" height=\"683\" src=\"https:\/\/foldride.com\/wp-content\/uploads\/2025\/01\/6-1024x683.png\" class=\"attachment-large size-large wp-image-15013\" alt=\"\" srcset=\"https:\/\/foldride.com\/wp-content\/uploads\/2025\/01\/6-1024x683.png 1024w, https:\/\/foldride.com\/wp-content\/uploads\/2025\/01\/6-300x200.png 300w, https:\/\/foldride.com\/wp-content\/uploads\/2025\/01\/6-768x512.png 768w, https:\/\/foldride.com\/wp-content\/uploads\/2025\/01\/6-1536x1024.png 1536w, https:\/\/foldride.com\/wp-content\/uploads\/2025\/01\/6.png 1957w\" sizes=\"(max-width: 1024px) 100vw, 1024px\" \/>\t\t\t\t\t\t\t\t\t\t\t\t\t\t\t<\/div>\n\t\t\t\t<\/div>\n\t\t\t\t<div class=\"elementor-element elementor-element-4da12a5 elementor-widget elementor-widget-image\" data-id=\"4da12a5\" data-element_type=\"widget\" data-e-type=\"widget\" data-widget_type=\"image.default\">\n\t\t\t\t<div class=\"elementor-widget-container\">\n\t\t\t\t\t\t\t\t\t\t\t\t\t\t\t<img decoding=\"async\" width=\"1024\" height=\"683\" src=\"https:\/\/foldride.com\/wp-content\/uploads\/2025\/01\/4-1024x683.png\" class=\"attachment-large size-large wp-image-15007\" alt=\"\" srcset=\"https:\/\/foldride.com\/wp-content\/uploads\/2025\/01\/4-1024x683.png 1024w, https:\/\/foldride.com\/wp-content\/uploads\/2025\/01\/4-300x200.png 300w, https:\/\/foldride.com\/wp-content\/uploads\/2025\/01\/4-768x512.png 768w, https:\/\/foldride.com\/wp-content\/uploads\/2025\/01\/4-1536x1024.png 1536w, https:\/\/foldride.com\/wp-content\/uploads\/2025\/01\/4.png 1957w\" sizes=\"(max-width: 1024px) 100vw, 1024px\" \/>\t\t\t\t\t\t\t\t\t\t\t\t\t\t\t<\/div>\n\t\t\t\t<\/div>\n\t\t\t\t<div class=\"elementor-element elementor-element-a1063b6 elementor-widget elementor-widget-image\" data-id=\"a1063b6\" data-element_type=\"widget\" data-e-type=\"widget\" data-widget_type=\"image.default\">\n\t\t\t\t<div class=\"elementor-widget-container\">\n\t\t\t\t\t\t\t\t\t\t\t\t\t\t\t<img loading=\"lazy\" decoding=\"async\" width=\"1024\" height=\"683\" src=\"https:\/\/foldride.com\/wp-content\/uploads\/2025\/01\/5-1024x683.png\" class=\"attachment-large size-large wp-image-15010\" alt=\"\" srcset=\"https:\/\/foldride.com\/wp-content\/uploads\/2025\/01\/5-1024x683.png 1024w, https:\/\/foldride.com\/wp-content\/uploads\/2025\/01\/5-300x200.png 300w, https:\/\/foldride.com\/wp-content\/uploads\/2025\/01\/5-768x512.png 768w, https:\/\/foldride.com\/wp-content\/uploads\/2025\/01\/5-1536x1024.png 1536w, https:\/\/foldride.com\/wp-content\/uploads\/2025\/01\/5.png 1957w\" sizes=\"(max-width: 1024px) 100vw, 1024px\" \/>\t\t\t\t\t\t\t\t\t\t\t\t\t\t\t<\/div>\n\t\t\t\t<\/div>\n\t\t\t\t<div class=\"elementor-element elementor-element-eb43a95 elementor-widget elementor-widget-image\" data-id=\"eb43a95\" data-element_type=\"widget\" data-e-type=\"widget\" data-widget_type=\"image.default\">\n\t\t\t\t<div class=\"elementor-widget-container\">\n\t\t\t\t\t\t\t\t\t\t\t\t\t\t\t<img loading=\"lazy\" decoding=\"async\" width=\"1024\" height=\"683\" src=\"https:\/\/foldride.com\/wp-content\/uploads\/2025\/01\/13-1024x683.png\" class=\"attachment-large size-large wp-image-15031\" alt=\"\" srcset=\"https:\/\/foldride.com\/wp-content\/uploads\/2025\/01\/13-1024x683.png 1024w, https:\/\/foldride.com\/wp-content\/uploads\/2025\/01\/13-300x200.png 300w, https:\/\/foldride.com\/wp-content\/uploads\/2025\/01\/13-768x512.png 768w, https:\/\/foldride.com\/wp-content\/uploads\/2025\/01\/13-1536x1024.png 1536w, https:\/\/foldride.com\/wp-content\/uploads\/2025\/01\/13.png 1957w\" sizes=\"(max-width: 1024px) 100vw, 1024px\" \/>\t\t\t\t\t\t\t\t\t\t\t\t\t\t\t<\/div>\n\t\t\t\t<\/div>\n\t\t\t\t\t<\/div>\n\t\t\t\t<\/div>\n\t\t<div class=\"elementor-element elementor-element-d00b193 e-con-full e-flex e-con e-parent\" data-id=\"d00b193\" data-element_type=\"container\" data-e-type=\"container\" data-settings=\"{&quot;background_background&quot;:&quot;classic&quot;}\">\n\t\t\t\t<div class=\"elementor-element elementor-element-165ecde elementor-widget elementor-widget-image\" data-id=\"165ecde\" data-element_type=\"widget\" data-e-type=\"widget\" data-widget_type=\"image.default\">\n\t\t\t\t<div class=\"elementor-widget-container\">\n\t\t\t\t\t\t\t\t\t\t\t\t\t\t\t<img loading=\"lazy\" decoding=\"async\" width=\"1024\" height=\"425\" src=\"https:\/\/foldride.com\/wp-content\/uploads\/2025\/01\/Story8.1.1-1024x425.png\" class=\"attachment-large size-large wp-image-15105\" alt=\"\" srcset=\"https:\/\/foldride.com\/wp-content\/uploads\/2025\/01\/Story8.1.1-1024x425.png 1024w, https:\/\/foldride.com\/wp-content\/uploads\/2025\/01\/Story8.1.1-300x125.png 300w, https:\/\/foldride.com\/wp-content\/uploads\/2025\/01\/Story8.1.1-768x319.png 768w, https:\/\/foldride.com\/wp-content\/uploads\/2025\/01\/Story8.1.1-1536x638.png 1536w, https:\/\/foldride.com\/wp-content\/uploads\/2025\/01\/Story8.1.1.png 1957w\" sizes=\"(max-width: 1024px) 100vw, 1024px\" \/>\t\t\t\t\t\t\t\t\t\t\t\t\t\t\t<\/div>\n\t\t\t\t<\/div>\n\t\t\t\t<\/div>\n\t\t\t\t<\/div>\n\t\t","protected":false},"excerpt":{"rendered":"<p>MISSION Make Space. Save Space. Passionn\u00e9 de cyclisme, le fondateur de FOLD, Sahabi Arouna, ne jure que par la polyvalence des v\u00e9los-cargos. Une seule chose le d\u00e9rangeait dans son quotidien de cycliste dans le quartier \u00e9troit de Schanzen \u00e0 Hambourg : ces engins sont trop grands pour les transports en commun, trop encombrants pour \u00eatre [&hellip;]<\/p>\n","protected":false},"author":1,"featured_media":0,"parent":0,"menu_order":0,"comment_status":"closed","ping_status":"closed","template":"","meta":{"site-sidebar-layout":"no-sidebar","site-content-layout":"page-builder","ast-site-content-layout":"full-width-container","site-content-style":"unboxed","site-sidebar-style":"unboxed","ast-global-header-display":"","ast-banner-title-visibility":"","ast-main-header-display":"","ast-hfb-above-header-display":"","ast-hfb-below-header-display":"","ast-hfb-mobile-header-display":"","site-post-title":"disabled","ast-breadcrumbs-content":"","ast-featured-img":"disabled","footer-sml-layout":"","ast-disable-related-posts":"","theme-transparent-header-meta":"disabled","adv-header-id-meta":"","stick-header-meta":"enabled","header-above-stick-meta":"","header-main-stick-meta":"disabled","header-below-stick-meta":"","astra-migrate-meta-layouts":"set","ast-page-background-enabled":"default","ast-page-background-meta":{"desktop":{"background-color":"var(--ast-global-color-4)","background-image":"","background-repeat":"repeat","background-position":"center center","background-size":"auto","background-attachment":"scroll","background-type":"","background-media":"","overlay-type":"","overlay-color":"","overlay-opacity":"","overlay-gradient":""},"tablet":{"background-color":"","background-image":"","background-repeat":"repeat","background-position":"center center","background-size":"auto","background-attachment":"scroll","background-type":"","background-media":"","overlay-type":"","overlay-color":"","overlay-opacity":"","overlay-gradient":""},"mobile":{"background-color":"","background-image":"","background-repeat":"repeat","background-position":"center center","background-size":"auto","background-attachment":"scroll","background-type":"","background-media":"","overlay-type":"","overlay-color":"","overlay-opacity":"","overlay-gradient":""}},"ast-content-background-meta":{"desktop":{"background-color":"var(--ast-global-color-5)","background-image":"","background-repeat":"repeat","background-position":"center center","background-size":"auto","background-attachment":"scroll","background-type":"","background-media":"","overlay-type":"","overlay-color":"","overlay-opacity":"","overlay-gradient":""},"tablet":{"background-color":"var(--ast-global-color-5)","background-image":"","background-repeat":"repeat","background-position":"center center","background-size":"auto","background-attachment":"scroll","background-type":"","background-media":"","overlay-type":"","overlay-color":"","overlay-opacity":"","overlay-gradient":""},"mobile":{"background-color":"var(--ast-global-color-5)","background-image":"","background-repeat":"repeat","background-position":"center center","background-size":"auto","background-attachment":"scroll","background-type":"","background-media":"","overlay-type":"","overlay-color":"","overlay-opacity":"","overlay-gradient":""}},"footnotes":""},"class_list":["post-15063","page","type-page","status-publish","hentry"],"yoast_head":"<!-- This site is optimized with the Yoast SEO plugin v27.4 - https:\/\/yoast.com\/product\/yoast-seo-wordpress\/ -->\n<title>FOLD \u2013 Full-Size Cargo Bike That Folds Compact<\/title>\n<meta name=\"description\" content=\"Un vrai v\u00e9lo cargo pour la vie de tous les jours - pliable en quelques secondes quand l&#039;espace compte.Performance cargo compl\u00e8te, stockage compact, et transport modulaire sans outils comme un v\u00e9lo cargo modulaire, v\u00e9lo cargo pour la famille, et v\u00e9lo cargo urbain.\" \/>\n<meta name=\"robots\" content=\"index, follow, max-snippet:-1, max-image-preview:large, max-video-preview:-1\" \/>\n<link rel=\"canonical\" href=\"https:\/\/foldride.com\/fr\/comment-tout-a-commence\/\" \/>\n<meta property=\"og:locale\" content=\"fr_FR\" \/>\n<meta property=\"og:type\" content=\"article\" \/>\n<meta property=\"og:title\" content=\"FOLD \u2013 Full-Size Cargo Bike That Folds Compact\" \/>\n<meta property=\"og:description\" content=\"Un vrai v\u00e9lo cargo pour la vie de tous les jours - pliable en quelques secondes quand l&#039;espace compte.Performance cargo compl\u00e8te, stockage compact, et transport modulaire sans outils comme un v\u00e9lo cargo modulaire, v\u00e9lo cargo pour la famille, et v\u00e9lo cargo urbain.\" \/>\n<meta property=\"og:url\" content=\"https:\/\/foldride.com\/fr\/comment-tout-a-commence\/\" \/>\n<meta property=\"og:site_name\" content=\"FOLD \u2013 Full-Size Cargo Bike That Folds Compact\" \/>\n<meta property=\"article:publisher\" content=\"https:\/\/www.facebook.com\/avnson\/\" \/>\n<meta property=\"article:modified_time\" content=\"2026-02-12T22:43:23+00:00\" \/>\n<meta property=\"og:image\" content=\"https:\/\/foldride.com\/wp-content\/uploads\/2025\/01\/about_008.jpg\" \/>\n\t<meta property=\"og:image:width\" content=\"1055\" \/>\n\t<meta property=\"og:image:height\" content=\"1500\" \/>\n\t<meta property=\"og:image:type\" content=\"image\/jpeg\" \/>\n<meta name=\"twitter:card\" content=\"summary_large_image\" \/>\n<meta name=\"twitter:site\" content=\"@avnson_mobility\" \/>\n<meta name=\"twitter:label1\" content=\"Dur\u00e9e de lecture estim\u00e9e\" \/>\n\t<meta name=\"twitter:data1\" content=\"3 minutes\" \/>\n<script type=\"application\/ld+json\" class=\"yoast-schema-graph\">{\"@context\":\"https:\\\/\\\/schema.org\",\"@graph\":[{\"@type\":\"WebPage\",\"@id\":\"https:\\\/\\\/foldride.com\\\/fr\\\/comment-tout-a-commence\\\/\",\"url\":\"https:\\\/\\\/foldride.com\\\/fr\\\/comment-tout-a-commence\\\/\",\"name\":\"FOLD \u2013 Full-Size Cargo Bike That Folds Compact\",\"isPartOf\":{\"@id\":\"https:\\\/\\\/foldride.com\\\/fr\\\/#website\"},\"primaryImageOfPage\":{\"@id\":\"https:\\\/\\\/foldride.com\\\/fr\\\/comment-tout-a-commence\\\/#primaryimage\"},\"image\":{\"@id\":\"https:\\\/\\\/foldride.com\\\/fr\\\/comment-tout-a-commence\\\/#primaryimage\"},\"thumbnailUrl\":\"https:\\\/\\\/foldride.com\\\/wp-content\\\/uploads\\\/2025\\\/01\\\/about_008.jpg\",\"datePublished\":\"2025-01-19T22:44:37+00:00\",\"dateModified\":\"2026-02-12T22:43:23+00:00\",\"description\":\"Un vrai v\u00e9lo cargo pour la vie de tous les jours - pliable en quelques secondes quand l'espace compte.Performance cargo compl\u00e8te, stockage compact, et transport modulaire sans outils comme un v\u00e9lo cargo modulaire, v\u00e9lo cargo pour la famille, et v\u00e9lo cargo urbain.\",\"breadcrumb\":{\"@id\":\"https:\\\/\\\/foldride.com\\\/fr\\\/comment-tout-a-commence\\\/#breadcrumb\"},\"inLanguage\":\"fr-FR\",\"potentialAction\":[{\"@type\":\"ReadAction\",\"target\":[\"https:\\\/\\\/foldride.com\\\/fr\\\/comment-tout-a-commence\\\/\"]}]},{\"@type\":\"ImageObject\",\"inLanguage\":\"fr-FR\",\"@id\":\"https:\\\/\\\/foldride.com\\\/fr\\\/comment-tout-a-commence\\\/#primaryimage\",\"url\":\"https:\\\/\\\/foldride.com\\\/wp-content\\\/uploads\\\/2025\\\/01\\\/about_008.jpg\",\"contentUrl\":\"https:\\\/\\\/foldride.com\\\/wp-content\\\/uploads\\\/2025\\\/01\\\/about_008.jpg\"},{\"@type\":\"BreadcrumbList\",\"@id\":\"https:\\\/\\\/foldride.com\\\/fr\\\/comment-tout-a-commence\\\/#breadcrumb\",\"itemListElement\":[{\"@type\":\"ListItem\",\"position\":1,\"name\":\"Startseite\",\"item\":\"https:\\\/\\\/foldride.com\\\/fr\\\/\"},{\"@type\":\"ListItem\",\"position\":2,\"name\":\"\u00c0 propos de\"}]},{\"@type\":\"WebSite\",\"@id\":\"https:\\\/\\\/foldride.com\\\/fr\\\/#website\",\"url\":\"https:\\\/\\\/foldride.com\\\/fr\\\/\",\"name\":\"Avnson | The foldable Cargo Bike | Avnson Bicycle Hamburg\",\"description\":\"\",\"publisher\":{\"@id\":\"https:\\\/\\\/foldride.com\\\/fr\\\/#organization\"},\"potentialAction\":[{\"@type\":\"SearchAction\",\"target\":{\"@type\":\"EntryPoint\",\"urlTemplate\":\"https:\\\/\\\/foldride.com\\\/fr\\\/?s={search_term_string}\"},\"query-input\":{\"@type\":\"PropertyValueSpecification\",\"valueRequired\":true,\"valueName\":\"search_term_string\"}}],\"inLanguage\":\"fr-FR\"},{\"@type\":\"Organization\",\"@id\":\"https:\\\/\\\/foldride.com\\\/fr\\\/#organization\",\"name\":\"Avnson | The foldable Cargo Bike | Avnson Bicycle Hamburg\",\"url\":\"https:\\\/\\\/foldride.com\\\/fr\\\/\",\"logo\":{\"@type\":\"ImageObject\",\"inLanguage\":\"fr-FR\",\"@id\":\"https:\\\/\\\/foldride.com\\\/fr\\\/#\\\/schema\\\/logo\\\/image\\\/\",\"url\":\"https:\\\/\\\/avnson.com\\\/wp-content\\\/uploads\\\/2023\\\/02\\\/Avnson_Logo_V1_60_001_schwarz-modified-e1676723863994.png\",\"contentUrl\":\"https:\\\/\\\/avnson.com\\\/wp-content\\\/uploads\\\/2023\\\/02\\\/Avnson_Logo_V1_60_001_schwarz-modified-e1676723863994.png\",\"width\":4867,\"height\":1072,\"caption\":\"Avnson | The foldable Cargo Bike | Avnson Bicycle Hamburg\"},\"image\":{\"@id\":\"https:\\\/\\\/foldride.com\\\/fr\\\/#\\\/schema\\\/logo\\\/image\\\/\"},\"sameAs\":[\"https:\\\/\\\/www.facebook.com\\\/avnson\\\/\",\"https:\\\/\\\/x.com\\\/avnson_mobility\",\"https:\\\/\\\/www.instagram.com\\\/avnson_mobility\\\/\"]}]}<\/script>\n<!-- \/ Yoast SEO plugin. -->","yoast_head_json":{"title":"FOLD \u2013 Full-Size Cargo Bike That Folds Compact","description":"Un vrai v\u00e9lo cargo pour la vie de tous les jours - pliable en quelques secondes quand l'espace compte.Performance cargo compl\u00e8te, stockage compact, et transport modulaire sans outils comme un v\u00e9lo cargo modulaire, v\u00e9lo cargo pour la famille, et v\u00e9lo cargo urbain.","robots":{"index":"index","follow":"follow","max-snippet":"max-snippet:-1","max-image-preview":"max-image-preview:large","max-video-preview":"max-video-preview:-1"},"canonical":"https:\/\/foldride.com\/fr\/comment-tout-a-commence\/","og_locale":"fr_FR","og_type":"article","og_title":"FOLD \u2013 Full-Size Cargo Bike That Folds Compact","og_description":"Un vrai v\u00e9lo cargo pour la vie de tous les jours - pliable en quelques secondes quand l'espace compte.Performance cargo compl\u00e8te, stockage compact, et transport modulaire sans outils comme un v\u00e9lo cargo modulaire, v\u00e9lo cargo pour la famille, et v\u00e9lo cargo urbain.","og_url":"https:\/\/foldride.com\/fr\/comment-tout-a-commence\/","og_site_name":"FOLD \u2013 Full-Size Cargo Bike That Folds Compact","article_publisher":"https:\/\/www.facebook.com\/avnson\/","article_modified_time":"2026-02-12T22:43:23+00:00","og_image":[{"width":1055,"height":1500,"url":"https:\/\/foldride.com\/wp-content\/uploads\/2025\/01\/about_008.jpg","type":"image\/jpeg"}],"twitter_card":"summary_large_image","twitter_site":"@avnson_mobility","twitter_misc":{"Dur\u00e9e de lecture estim\u00e9e":"3 minutes"},"schema":{"@context":"https:\/\/schema.org","@graph":[{"@type":"WebPage","@id":"https:\/\/foldride.com\/fr\/comment-tout-a-commence\/","url":"https:\/\/foldride.com\/fr\/comment-tout-a-commence\/","name":"FOLD \u2013 Full-Size Cargo Bike That Folds Compact","isPartOf":{"@id":"https:\/\/foldride.com\/fr\/#website"},"primaryImageOfPage":{"@id":"https:\/\/foldride.com\/fr\/comment-tout-a-commence\/#primaryimage"},"image":{"@id":"https:\/\/foldride.com\/fr\/comment-tout-a-commence\/#primaryimage"},"thumbnailUrl":"https:\/\/foldride.com\/wp-content\/uploads\/2025\/01\/about_008.jpg","datePublished":"2025-01-19T22:44:37+00:00","dateModified":"2026-02-12T22:43:23+00:00","description":"Un vrai v\u00e9lo cargo pour la vie de tous les jours - pliable en quelques secondes quand l'espace compte.Performance cargo compl\u00e8te, stockage compact, et transport modulaire sans outils comme un v\u00e9lo cargo modulaire, v\u00e9lo cargo pour la famille, et v\u00e9lo cargo urbain.","breadcrumb":{"@id":"https:\/\/foldride.com\/fr\/comment-tout-a-commence\/#breadcrumb"},"inLanguage":"fr-FR","potentialAction":[{"@type":"ReadAction","target":["https:\/\/foldride.com\/fr\/comment-tout-a-commence\/"]}]},{"@type":"ImageObject","inLanguage":"fr-FR","@id":"https:\/\/foldride.com\/fr\/comment-tout-a-commence\/#primaryimage","url":"https:\/\/foldride.com\/wp-content\/uploads\/2025\/01\/about_008.jpg","contentUrl":"https:\/\/foldride.com\/wp-content\/uploads\/2025\/01\/about_008.jpg"},{"@type":"BreadcrumbList","@id":"https:\/\/foldride.com\/fr\/comment-tout-a-commence\/#breadcrumb","itemListElement":[{"@type":"ListItem","position":1,"name":"Startseite","item":"https:\/\/foldride.com\/fr\/"},{"@type":"ListItem","position":2,"name":"\u00c0 propos de"}]},{"@type":"WebSite","@id":"https:\/\/foldride.com\/fr\/#website","url":"https:\/\/foldride.com\/fr\/","name":"Avnson | The foldable Cargo Bike | Avnson Bicycle Hamburg","description":"","publisher":{"@id":"https:\/\/foldride.com\/fr\/#organization"},"potentialAction":[{"@type":"SearchAction","target":{"@type":"EntryPoint","urlTemplate":"https:\/\/foldride.com\/fr\/?s={search_term_string}"},"query-input":{"@type":"PropertyValueSpecification","valueRequired":true,"valueName":"search_term_string"}}],"inLanguage":"fr-FR"},{"@type":"Organization","@id":"https:\/\/foldride.com\/fr\/#organization","name":"Avnson | The foldable Cargo Bike | Avnson Bicycle Hamburg","url":"https:\/\/foldride.com\/fr\/","logo":{"@type":"ImageObject","inLanguage":"fr-FR","@id":"https:\/\/foldride.com\/fr\/#\/schema\/logo\/image\/","url":"https:\/\/avnson.com\/wp-content\/uploads\/2023\/02\/Avnson_Logo_V1_60_001_schwarz-modified-e1676723863994.png","contentUrl":"https:\/\/avnson.com\/wp-content\/uploads\/2023\/02\/Avnson_Logo_V1_60_001_schwarz-modified-e1676723863994.png","width":4867,"height":1072,"caption":"Avnson | The foldable Cargo Bike | Avnson Bicycle Hamburg"},"image":{"@id":"https:\/\/foldride.com\/fr\/#\/schema\/logo\/image\/"},"sameAs":["https:\/\/www.facebook.com\/avnson\/","https:\/\/x.com\/avnson_mobility","https:\/\/www.instagram.com\/avnson_mobility\/"]}]}},"_links":{"self":[{"href":"https:\/\/foldride.com\/fr\/wp-json\/wp\/v2\/pages\/15063","targetHints":{"allow":["GET"]}}],"collection":[{"href":"https:\/\/foldride.com\/fr\/wp-json\/wp\/v2\/pages"}],"about":[{"href":"https:\/\/foldride.com\/fr\/wp-json\/wp\/v2\/types\/page"}],"author":[{"embeddable":true,"href":"https:\/\/foldride.com\/fr\/wp-json\/wp\/v2\/users\/1"}],"replies":[{"embeddable":true,"href":"https:\/\/foldride.com\/fr\/wp-json\/wp\/v2\/comments?post=15063"}],"version-history":[{"count":18,"href":"https:\/\/foldride.com\/fr\/wp-json\/wp\/v2\/pages\/15063\/revisions"}],"predecessor-version":[{"id":22424,"href":"https:\/\/foldride.com\/fr\/wp-json\/wp\/v2\/pages\/15063\/revisions\/22424"}],"wp:attachment":[{"href":"https:\/\/foldride.com\/fr\/wp-json\/wp\/v2\/media?parent=15063"}],"curies":[{"name":"wp","href":"https:\/\/api.w.org\/{rel}","templated":true}]}}