{"id":13378,"date":"2025-01-10T11:39:50","date_gmt":"2025-01-10T10:39:50","guid":{"rendered":"https:\/\/avnson.com\/?page_id=13378"},"modified":"2026-04-22T11:29:36","modified_gmt":"2026-04-22T10:29:36","slug":"revendeurs-2","status":"publish","type":"page","link":"https:\/\/foldride.com\/fr\/revendeurs-2\/","title":{"rendered":"Revendeurs"},"content":{"rendered":"\t\t<div data-elementor-type=\"wp-page\" data-elementor-id=\"13378\" class=\"elementor elementor-13378 elementor-13376\" data-elementor-post-type=\"page\">\n\t\t\t\t<div class=\"elementor-element elementor-element-67f88e8 e-con-full e-flex e-con e-parent\" data-id=\"67f88e8\" data-element_type=\"container\" data-e-type=\"container\" data-settings=\"{&quot;background_background&quot;:&quot;classic&quot;}\">\n\t\t\t\t<\/div>\n\t\t<div class=\"elementor-element elementor-element-009a522 e-flex e-con-boxed e-con e-parent\" data-id=\"009a522\" data-element_type=\"container\" data-e-type=\"container\">\n\t\t\t\t\t<div class=\"e-con-inner\">\n\t\t\t\t<div class=\"elementor-element elementor-element-9b0ad31 elementor-widget elementor-widget-heading\" data-id=\"9b0ad31\" data-element_type=\"widget\" data-e-type=\"widget\" data-widget_type=\"heading.default\">\n\t\t\t\t<div class=\"elementor-widget-container\">\n\t\t\t\t\t<h2 class=\"elementor-heading-title elementor-size-default\">TROUVER FOLD<\/h2>\t\t\t\t<\/div>\n\t\t\t\t<\/div>\n\t\t\t\t\t<\/div>\n\t\t\t\t<\/div>\n\t\t<div class=\"elementor-element elementor-element-b3209f1 e-flex e-con-boxed e-con e-parent\" data-id=\"b3209f1\" data-element_type=\"container\" data-e-type=\"container\">\n\t\t\t\t\t<div class=\"e-con-inner\">\n\t\t\t\t<div class=\"elementor-element elementor-element-ebd61dd elementor-widget elementor-widget-text-editor\" data-id=\"ebd61dd\" data-element_type=\"widget\" data-e-type=\"widget\" data-widget_type=\"text-editor.default\">\n\t\t\t\t<div class=\"elementor-widget-container\">\n\t\t\t\t\t\t\t\t\t<p data-start=\"213\" data-end=\"308\">Vous trouverez ici une s\u00e9lection de revendeurs sp\u00e9cialis\u00e9s,<br data-start=\"284\" data-end=\"287\">chez qui vous pourrez d\u00e9couvrir, tester et acheter FOLD.<br data-start=\"339\" data-end=\"342\"><br>Nous travaillons exclusivement avec des partenaires qui partagent nos valeurs :<br data-start=\"418\" data-end=\"421\">conseil comp\u00e9tent, service honn\u00eate, collaboration \u00e0 long terme.<br data-start=\"489\" data-end=\"492\"><br>Pas encore de revendeur pr\u00e8s de chez vous ?<br data-start=\"535\" data-end=\"538\"><br><strong data-start=\"543\" data-end=\"566\">Nous sommes en route.<\/strong><\/p>\t\t\t\t\t\t\t\t<\/div>\n\t\t\t\t<\/div>\n\t\t\t\t\t<\/div>\n\t\t\t\t<\/div>\n\t\t<div class=\"elementor-element elementor-element-4402749 e-con-full e-flex e-con e-parent\" data-id=\"4402749\" data-element_type=\"container\" data-e-type=\"container\">\n\t\t<div class=\"elementor-element elementor-element-febd637 e-con-full e-flex e-con e-child\" data-id=\"febd637\" data-element_type=\"container\" data-e-type=\"container\">\n\t\t\t\t<div class=\"elementor-element elementor-element-b4fa730 elementor-widget elementor-widget-text-editor\" data-id=\"b4fa730\" data-element_type=\"widget\" data-e-type=\"widget\" data-widget_type=\"text-editor.default\">\n\t\t\t\t<div class=\"elementor-widget-container\">\n\t\t\t\t\t\t\t\t\t<p> <b><style type=\"text\/css\">\n    #asl-storelocator.asl-cont .sl-main-cont .asl-panel.pol-lg-12 .asl-panel-inner{ position: relative;height: 450px;}\n    body #asl-storelocator.asl-cont.asl-template-3 {--sl-font-size: 13px;--sl-title-size: 15px;--sl-btn-size: 13px;--sl-primary: #637d96;--sl-infobox-color: #555d66;--sl-infobox-bg: #FFFFFF;--sl-infobox-a: #637d96;--sl-action-btn-color: #FFFFFF;--sl-action-btn-bg: #637d96;--sl-color: #555d66;--sl-list-bg: #FFFFFF;--sl-list-title: #32373c;--sl-list-sub-title: #6a6a6a;--sl-highlighted: #F7F7F7;}.asl-p-cont .asl-print-btn,.asl-cont .asl-print-btn {display: none !important;}    @media(max-width:991px){\n        #asl-storelocator.asl-cont .asl-panel {order: 0;}\n    }\n<\/style>\n<section id=\"asl-storelocator\" class=\"asl-cont asl-template-3 asl-layout-1 asl-bg-1  with-addr-ddl asl-text-0\">\n    <div class=\"asl-wrapper mb-5\">\n        <div class=\"sl-container\">\n                                    <div class=\"asl-ddl-filters\">\n                <div class=\"sl-row\"><\/div>\n            <\/div>\n                        <div class=\"sl-row\">\n                <div class=\"pol-12\">\n                    <div class=\"sl-main-cont\">\n                        <div class=\"sl-row no-gutters\">\n                            <div id=\"asl-panel\" class=\"asl-panel pol-md-6 pol-lg-5 pol-xl-4\">\n                                <div class=\"asl-overlay\" id=\"map-loading\">\n                                  <div class=\"white\"><\/div>\n                                    <div class=\"sl-loading\">\n                                        <i class=\"animate-sl-spin icon-spin3\"><\/i>\n                                        Chargement&#8230;                                    <\/div>\n                                <\/div>\n                                <div class=\"asl-filter-sec hide\"><\/div>\n                                <!-- list -->\n                                <div class=\"asl-panel-inner\">\n                                    <div class=\"sl-filter-sec\">\n                                        <div class=\"asl-addr-search\">\n                                            <input aria-label=\"Emplacement de recherche\" value=\"\" id=\"sl-main-search\" type=\"text\" class=\"asl-search-address form-control\" placeholder=\"Enter your address\">\n                                            <span class=\"sl-search-btn\"><i title=\"Recherche\" class=\"icon-search\"><\/i><\/span>\n                                        <\/div>  \n                                    <\/div>\n                                    <div class=\"asl-filter-tabs media\">\n                                        <div class=\"input-group\">\n                                            <ul class=\"sl-filt-a-list nav nav-pills\" role=\"tablist\"><\/ul>  \n                                            <div class=\"input-group-append\">\n                                                <div class=\"aswth-btn hide\">\n                                                    <span class=\"aswth\">\n                                                        <input type=\"checkbox\" class=\"aswth-input\" id=\"aswth-id\" checked>\n                                                        <label for=\"aswth-id\"><\/label>\n                                                        <div class=\"aswth-text\">\n                                                            <div class=\"contentA\">OUVRIR<\/div>\n                                                            <div class=\"contentB\">TOUS<\/div>\n                                                        <\/div>\n                                                    <\/span>\n                                                <\/div>\n                                            <\/div>\n                                        <\/div>\n                                    <\/div>\n                                    <div class=\"sl-main-cont-box\">\n                                        <div id=\"asl-list\" class=\"sl-list-wrapper\">\n                                            <ul id=\"p-statelist\" class=\"sl-list\">\n                                            <\/ul>\n                                        <\/div>\n                                    <\/div>\n                                <\/div>\n\n                                <div class=\"directions-cont hide\">\n                                    <div class=\"agile-modal-header\">\n                                        <button type=\"button\" class=\"close\"><span aria-hidden=\"true\">\u00d7<\/span><\/button>\n                                        <h4>Direction du magasin<\/h4>\n                                    <\/div>\n                                    <div class=\"rendered-directions\" id=\"asl-rendered-dir\" style=\"direction: ltr;\"><\/div>\n                                <\/div>\n                            <\/div>\n                            <div class=\"pol-md-6 pol-lg-7 pol-xl-8 asl-map\">\n                                <div class=\"map-image\">\n                                    <div id=\"asl-map-canv\" class=\"asl-map-canv\"><\/div>\n                                    \n                                    <div id=\"agile-modal-direction\" class=\"agile-modal fade\">\n    <div class=\"agile-modal-backdrop-in\"><\/div>\n    <div class=\"agile-modal-dialog in\">\n        <div class=\"agile-modal-content\">\n            <div class=\"sl-form-group d-flex justify-content-between\">\n                <h4 >OBTENIR DES DIRECTIONS<\/h4>\n                <button type=\"button\" class=\"close-directions sl-close\" data-dismiss=\"agile-modal\" aria-label=\"Close\">&times;<\/button>\n            <\/div>\n            <div class=\"sl-form-group\">\n                <label for=\"frm-lbl\">Depuis:<\/label>\n                <input type=\"text\" class=\"form-control frm-place\" id=\"frm-lbl\" placeholder=\"Entrez un lieu\">\n            <\/div>\n            <div class=\"sl-form-group\">\n                <label for=\"to-lbl\">Pour:<\/label>\n                <input readonly=\"true\" type=\"text\"  class=\"directions-to form-control\" id=\"to-lbl\" placeholder=\"Adresse de destination pr\u00e9remplie\">\n            <\/div>\n            <div class=\"sl-form-group mb-0\">\n                <label for=\"rbtn-km\" class=\"checkbox-inline\">\n                    <input type=\"radio\" name=\"dist-type\"  id=\"rbtn-km\" value=\"0\"> Km                <\/label>\n                <label for=\"rbtn-mile\" class=\"checkbox-inline\">\n                    <input type=\"radio\" name=\"dist-type\" checked id=\"rbtn-mile\" value=\"1\"> Milles                <\/label>\n            <\/div>\n            <div class=\"sl-form-group mb-0\">\n                <button type=\"submit\" class=\"btn btn-default btn-submit\">OBTENIR DES DIRECTIONS<\/button>\n            <\/div>\n        <\/div>\n    <\/div>\n<\/div>\n\n<div id=\"asl-geolocation-agile-modal\" class=\"agile-modal fade\">\n  <div class=\"agile-modal-backdrop-in\"><\/div>\n  <div class=\"agile-modal-dialog in\">\n    <div class=\"agile-modal-content\">\n            <div class=\"sl-form-group d-flex justify-content-between\">\n        <h5>Utilisez ma position pour trouver le fournisseur de services le plus proche de chez moi<\/h5>\n        <button type=\"button\" class=\"close-directions sl-close\" data-dismiss=\"agile-modal\" aria-label=\"Close\">&times;<\/button>\n      <\/div>\n      <div class=\"sl-form-group text-center mb-0\">\n        <button type=\"button\" id=\"asl-btn-geolocation\" class=\"btn btn-block btn-default\">UTILISER L&#039;EMPLACEMENT<\/button>\n      <\/div>\n          <\/div>\n  <\/div>\n<\/div>\n\n<div id=\"asl-desc-agile-modal\" class=\"agile-modal fade\">\n  <div class=\"agile-modal-backdrop-in\"><\/div>\n  <div class=\"agile-modal-dialog in\">\n    <div class=\"agile-modal-content\">\n      <div class=\"sl-row\">\n        <div class=\"pol-md-12\">\n          <div class=\"sl-form-group d-flex justify-content-between\">\n            <h4 class=\"sl-title\">Description<\/h4>\n            <button type=\"button\" class=\"close-directions sl-close\" data-dismiss=\"agile-modal\" aria-label=\"Close\">&times;<\/button>\n          <\/div>\n          <div class=\"sl-desc\"><\/div>\n        <\/div>\n      <\/div>\n    <\/div>\n  <\/div>\n<\/div>                                <\/div>\n                            <\/div>\n                        <\/div>\n                    <\/div>\n                <\/div>\n            <\/div>\n        <\/div> \n    <\/div>\n    <\/section>\n<!-- This plugin is developed by \"Agile Store Locator for WordPress\" https:\/\/agilestorelocator.com --><\/b><\/p>\t\t\t\t\t\t\t\t<\/div>\n\t\t\t\t<\/div>\n\t\t\t\t<\/div>\n\t\t\t\t<\/div>\n\t\t\t\t<\/div>\n\t\t","protected":false},"excerpt":{"rendered":"<p>TROUVER FOLD Vous trouverez ici une s\u00e9lection de revendeurs sp\u00e9cialis\u00e9s,chez qui vous pourrez d\u00e9couvrir, tester et acheter FOLD.Nous travaillons exclusivement avec des partenaires qui partagent nos valeurs :conseil comp\u00e9tent, service honn\u00eate, collaboration \u00e0 long terme.Pas encore de revendeur pr\u00e8s de chez vous ?Nous sommes en route.<\/p>\n","protected":false},"author":3,"featured_media":0,"parent":0,"menu_order":0,"comment_status":"closed","ping_status":"closed","template":"","meta":{"site-sidebar-layout":"no-sidebar","site-content-layout":"page-builder","ast-site-content-layout":"full-width-container","site-content-style":"unboxed","site-sidebar-style":"unboxed","ast-global-header-display":"","ast-banner-title-visibility":"","ast-main-header-display":"","ast-hfb-above-header-display":"","ast-hfb-below-header-display":"","ast-hfb-mobile-header-display":"","site-post-title":"disabled","ast-breadcrumbs-content":"","ast-featured-img":"disabled","footer-sml-layout":"","ast-disable-related-posts":"","theme-transparent-header-meta":"disabled","adv-header-id-meta":"","stick-header-meta":"enabled","header-above-stick-meta":"","header-main-stick-meta":"disabled","header-below-stick-meta":"","astra-migrate-meta-layouts":"set","ast-page-background-enabled":"default","ast-page-background-meta":{"desktop":{"background-color":"var(--ast-global-color-4)","background-image":"","background-repeat":"repeat","background-position":"center center","background-size":"auto","background-attachment":"scroll","background-type":"","background-media":"","overlay-type":"","overlay-color":"","overlay-opacity":"","overlay-gradient":""},"tablet":{"background-color":"","background-image":"","background-repeat":"repeat","background-position":"center center","background-size":"auto","background-attachment":"scroll","background-type":"","background-media":"","overlay-type":"","overlay-color":"","overlay-opacity":"","overlay-gradient":""},"mobile":{"background-color":"","background-image":"","background-repeat":"repeat","background-position":"center center","background-size":"auto","background-attachment":"scroll","background-type":"","background-media":"","overlay-type":"","overlay-color":"","overlay-opacity":"","overlay-gradient":""}},"ast-content-background-meta":{"desktop":{"background-color":"var(--ast-global-color-5)","background-image":"","background-repeat":"repeat","background-position":"center center","background-size":"auto","background-attachment":"scroll","background-type":"","background-media":"","overlay-type":"","overlay-color":"","overlay-opacity":"","overlay-gradient":""},"tablet":{"background-color":"var(--ast-global-color-5)","background-image":"","background-repeat":"repeat","background-position":"center center","background-size":"auto","background-attachment":"scroll","background-type":"","background-media":"","overlay-type":"","overlay-color":"","overlay-opacity":"","overlay-gradient":""},"mobile":{"background-color":"var(--ast-global-color-5)","background-image":"","background-repeat":"repeat","background-position":"center center","background-size":"auto","background-attachment":"scroll","background-type":"","background-media":"","overlay-type":"","overlay-color":"","overlay-opacity":"","overlay-gradient":""}},"footnotes":""},"class_list":["post-13378","page","type-page","status-publish","hentry"],"yoast_head":"<!-- This site is optimized with the Yoast SEO plugin v27.4 - https:\/\/yoast.com\/product\/yoast-seo-wordpress\/ -->\n<title>FOLD \u2013 Full-Size Cargo Bike That Folds Compact<\/title>\n<meta name=\"description\" content=\"Find a FOLD cargo bike dealer near you. Test ride, experience, and purchase with expert advice, professional service, and trusted local partners.\" \/>\n<meta name=\"robots\" content=\"index, follow, max-snippet:-1, max-image-preview:large, max-video-preview:-1\" \/>\n<link rel=\"canonical\" href=\"https:\/\/foldride.com\/fr\/revendeurs-2\/\" \/>\n<meta property=\"og:locale\" content=\"fr_FR\" \/>\n<meta property=\"og:type\" content=\"article\" \/>\n<meta property=\"og:title\" content=\"FOLD \u2013 Full-Size Cargo Bike That Folds Compact\" \/>\n<meta property=\"og:description\" content=\"Find a FOLD cargo bike dealer near you. Test ride, experience, and purchase with expert advice, professional service, and trusted local partners.\" \/>\n<meta property=\"og:url\" content=\"https:\/\/foldride.com\/fr\/revendeurs-2\/\" \/>\n<meta property=\"og:site_name\" content=\"FOLD \u2013 Full-Size Cargo Bike That Folds Compact\" \/>\n<meta property=\"article:publisher\" content=\"https:\/\/www.facebook.com\/avnson\/\" \/>\n<meta property=\"article:modified_time\" content=\"2026-04-22T10:29:36+00:00\" \/>\n<meta name=\"twitter:card\" content=\"summary_large_image\" \/>\n<meta name=\"twitter:site\" content=\"@avnson_mobility\" \/>\n<meta name=\"twitter:label1\" content=\"Dur\u00e9e de lecture estim\u00e9e\" \/>\n\t<meta name=\"twitter:data1\" content=\"1 minute\" \/>\n<script type=\"application\/ld+json\" class=\"yoast-schema-graph\">{\"@context\":\"https:\\\/\\\/schema.org\",\"@graph\":[{\"@type\":\"WebPage\",\"@id\":\"https:\\\/\\\/foldride.com\\\/fr\\\/revendeurs-2\\\/\",\"url\":\"https:\\\/\\\/foldride.com\\\/fr\\\/revendeurs-2\\\/\",\"name\":\"FOLD \u2013 Full-Size Cargo Bike That Folds Compact\",\"isPartOf\":{\"@id\":\"https:\\\/\\\/foldride.com\\\/fr\\\/#website\"},\"datePublished\":\"2025-01-10T10:39:50+00:00\",\"dateModified\":\"2026-04-22T10:29:36+00:00\",\"description\":\"Find a FOLD cargo bike dealer near you. Test ride, experience, and purchase with expert advice, professional service, and trusted local partners.\",\"breadcrumb\":{\"@id\":\"https:\\\/\\\/foldride.com\\\/fr\\\/revendeurs-2\\\/#breadcrumb\"},\"inLanguage\":\"fr-FR\",\"potentialAction\":[{\"@type\":\"ReadAction\",\"target\":[\"https:\\\/\\\/foldride.com\\\/fr\\\/revendeurs-2\\\/\"]}]},{\"@type\":\"BreadcrumbList\",\"@id\":\"https:\\\/\\\/foldride.com\\\/fr\\\/revendeurs-2\\\/#breadcrumb\",\"itemListElement\":[{\"@type\":\"ListItem\",\"position\":1,\"name\":\"Startseite\",\"item\":\"https:\\\/\\\/foldride.com\\\/fr\\\/\"},{\"@type\":\"ListItem\",\"position\":2,\"name\":\"Revendeurs\"}]},{\"@type\":\"WebSite\",\"@id\":\"https:\\\/\\\/foldride.com\\\/fr\\\/#website\",\"url\":\"https:\\\/\\\/foldride.com\\\/fr\\\/\",\"name\":\"Avnson | The foldable Cargo Bike | Avnson Bicycle Hamburg\",\"description\":\"\",\"publisher\":{\"@id\":\"https:\\\/\\\/foldride.com\\\/fr\\\/#organization\"},\"potentialAction\":[{\"@type\":\"SearchAction\",\"target\":{\"@type\":\"EntryPoint\",\"urlTemplate\":\"https:\\\/\\\/foldride.com\\\/fr\\\/?s={search_term_string}\"},\"query-input\":{\"@type\":\"PropertyValueSpecification\",\"valueRequired\":true,\"valueName\":\"search_term_string\"}}],\"inLanguage\":\"fr-FR\"},{\"@type\":\"Organization\",\"@id\":\"https:\\\/\\\/foldride.com\\\/fr\\\/#organization\",\"name\":\"Avnson | The foldable Cargo Bike | Avnson Bicycle Hamburg\",\"url\":\"https:\\\/\\\/foldride.com\\\/fr\\\/\",\"logo\":{\"@type\":\"ImageObject\",\"inLanguage\":\"fr-FR\",\"@id\":\"https:\\\/\\\/foldride.com\\\/fr\\\/#\\\/schema\\\/logo\\\/image\\\/\",\"url\":\"https:\\\/\\\/avnson.com\\\/wp-content\\\/uploads\\\/2023\\\/02\\\/Avnson_Logo_V1_60_001_schwarz-modified-e1676723863994.png\",\"contentUrl\":\"https:\\\/\\\/avnson.com\\\/wp-content\\\/uploads\\\/2023\\\/02\\\/Avnson_Logo_V1_60_001_schwarz-modified-e1676723863994.png\",\"width\":4867,\"height\":1072,\"caption\":\"Avnson | The foldable Cargo Bike | Avnson Bicycle Hamburg\"},\"image\":{\"@id\":\"https:\\\/\\\/foldride.com\\\/fr\\\/#\\\/schema\\\/logo\\\/image\\\/\"},\"sameAs\":[\"https:\\\/\\\/www.facebook.com\\\/avnson\\\/\",\"https:\\\/\\\/x.com\\\/avnson_mobility\",\"https:\\\/\\\/www.instagram.com\\\/avnson_mobility\\\/\"]}]}<\/script>\n<!-- \/ Yoast SEO plugin. -->","yoast_head_json":{"title":"FOLD \u2013 Full-Size Cargo Bike That Folds Compact","description":"Find a FOLD cargo bike dealer near you. Test ride, experience, and purchase with expert advice, professional service, and trusted local partners.","robots":{"index":"index","follow":"follow","max-snippet":"max-snippet:-1","max-image-preview":"max-image-preview:large","max-video-preview":"max-video-preview:-1"},"canonical":"https:\/\/foldride.com\/fr\/revendeurs-2\/","og_locale":"fr_FR","og_type":"article","og_title":"FOLD \u2013 Full-Size Cargo Bike That Folds Compact","og_description":"Find a FOLD cargo bike dealer near you. Test ride, experience, and purchase with expert advice, professional service, and trusted local partners.","og_url":"https:\/\/foldride.com\/fr\/revendeurs-2\/","og_site_name":"FOLD \u2013 Full-Size Cargo Bike That Folds Compact","article_publisher":"https:\/\/www.facebook.com\/avnson\/","article_modified_time":"2026-04-22T10:29:36+00:00","twitter_card":"summary_large_image","twitter_site":"@avnson_mobility","twitter_misc":{"Dur\u00e9e de lecture estim\u00e9e":"1 minute"},"schema":{"@context":"https:\/\/schema.org","@graph":[{"@type":"WebPage","@id":"https:\/\/foldride.com\/fr\/revendeurs-2\/","url":"https:\/\/foldride.com\/fr\/revendeurs-2\/","name":"FOLD \u2013 Full-Size Cargo Bike That Folds Compact","isPartOf":{"@id":"https:\/\/foldride.com\/fr\/#website"},"datePublished":"2025-01-10T10:39:50+00:00","dateModified":"2026-04-22T10:29:36+00:00","description":"Find a FOLD cargo bike dealer near you. Test ride, experience, and purchase with expert advice, professional service, and trusted local partners.","breadcrumb":{"@id":"https:\/\/foldride.com\/fr\/revendeurs-2\/#breadcrumb"},"inLanguage":"fr-FR","potentialAction":[{"@type":"ReadAction","target":["https:\/\/foldride.com\/fr\/revendeurs-2\/"]}]},{"@type":"BreadcrumbList","@id":"https:\/\/foldride.com\/fr\/revendeurs-2\/#breadcrumb","itemListElement":[{"@type":"ListItem","position":1,"name":"Startseite","item":"https:\/\/foldride.com\/fr\/"},{"@type":"ListItem","position":2,"name":"Revendeurs"}]},{"@type":"WebSite","@id":"https:\/\/foldride.com\/fr\/#website","url":"https:\/\/foldride.com\/fr\/","name":"Avnson | The foldable Cargo Bike | Avnson Bicycle Hamburg","description":"","publisher":{"@id":"https:\/\/foldride.com\/fr\/#organization"},"potentialAction":[{"@type":"SearchAction","target":{"@type":"EntryPoint","urlTemplate":"https:\/\/foldride.com\/fr\/?s={search_term_string}"},"query-input":{"@type":"PropertyValueSpecification","valueRequired":true,"valueName":"search_term_string"}}],"inLanguage":"fr-FR"},{"@type":"Organization","@id":"https:\/\/foldride.com\/fr\/#organization","name":"Avnson | The foldable Cargo Bike | Avnson Bicycle Hamburg","url":"https:\/\/foldride.com\/fr\/","logo":{"@type":"ImageObject","inLanguage":"fr-FR","@id":"https:\/\/foldride.com\/fr\/#\/schema\/logo\/image\/","url":"https:\/\/avnson.com\/wp-content\/uploads\/2023\/02\/Avnson_Logo_V1_60_001_schwarz-modified-e1676723863994.png","contentUrl":"https:\/\/avnson.com\/wp-content\/uploads\/2023\/02\/Avnson_Logo_V1_60_001_schwarz-modified-e1676723863994.png","width":4867,"height":1072,"caption":"Avnson | The foldable Cargo Bike | Avnson Bicycle Hamburg"},"image":{"@id":"https:\/\/foldride.com\/fr\/#\/schema\/logo\/image\/"},"sameAs":["https:\/\/www.facebook.com\/avnson\/","https:\/\/x.com\/avnson_mobility","https:\/\/www.instagram.com\/avnson_mobility\/"]}]}},"_links":{"self":[{"href":"https:\/\/foldride.com\/fr\/wp-json\/wp\/v2\/pages\/13378","targetHints":{"allow":["GET"]}}],"collection":[{"href":"https:\/\/foldride.com\/fr\/wp-json\/wp\/v2\/pages"}],"about":[{"href":"https:\/\/foldride.com\/fr\/wp-json\/wp\/v2\/types\/page"}],"author":[{"embeddable":true,"href":"https:\/\/foldride.com\/fr\/wp-json\/wp\/v2\/users\/3"}],"replies":[{"embeddable":true,"href":"https:\/\/foldride.com\/fr\/wp-json\/wp\/v2\/comments?post=13378"}],"version-history":[{"count":33,"href":"https:\/\/foldride.com\/fr\/wp-json\/wp\/v2\/pages\/13378\/revisions"}],"predecessor-version":[{"id":25303,"href":"https:\/\/foldride.com\/fr\/wp-json\/wp\/v2\/pages\/13378\/revisions\/25303"}],"wp:attachment":[{"href":"https:\/\/foldride.com\/fr\/wp-json\/wp\/v2\/media?parent=13378"}],"curies":[{"name":"wp","href":"https:\/\/api.w.org\/{rel}","templated":true}]}}